{"id":7247,"date":"2025-07-25T15:59:40","date_gmt":"2025-07-25T14:59:40","guid":{"rendered":"https:\/\/kymco.dgx.ma\/?page_id=7247"},"modified":"2025-07-29T10:24:28","modified_gmt":"2025-07-29T09:24:28","slug":"marque-givi","status":"publish","type":"page","link":"https:\/\/kymco.dgx.ma\/en\/marque-givi\/","title":{"rendered":"Marque GIVI"},"content":{"rendered":"<div data-elementor-type=\"wp-page\" data-elementor-id=\"7247\" class=\"elementor elementor-7247\">\n\t\t\t\t<div class=\"elementor-element elementor-element-10e6e98 e-flex e-con-boxed wpr-particle-no wpr-jarallax-no wpr-parallax-no wpr-sticky-section-no e-con e-parent\" data-id=\"10e6e98\" data-element_type=\"container\">\n\t\t\t\t\t<div class=\"e-con-inner\">\n\t\t<div class=\"elementor-element elementor-element-359c27f e-con-full e-flex wpr-particle-no wpr-jarallax-no wpr-parallax-no wpr-sticky-section-no e-con e-child\" data-id=\"359c27f\" data-element_type=\"container\">\n\t\t\t\t<div class=\"elementor-element elementor-element-b937037 elementor-widget elementor-widget-spacer\" data-id=\"b937037\" data-element_type=\"widget\" data-widget_type=\"spacer.default\">\n\t\t\t\t<div class=\"elementor-widget-container\">\n\t\t\t\t\t\t\t<div class=\"elementor-spacer\">\n\t\t\t<div class=\"elementor-spacer-inner\"><\/div>\n\t\t<\/div>\n\t\t\t\t\t\t<\/div>\n\t\t\t\t<\/div>\n\t\t\t\t<div class=\"elementor-element elementor-element-5afda0d elementor-widget elementor-widget-heading\" data-id=\"5afda0d\" data-element_type=\"widget\" data-widget_type=\"heading.default\">\n\t\t\t\t<div class=\"elementor-widget-container\">\n\t\t\t\t\t<h2 class=\"elementor-heading-title elementor-size-default\">Marque GIVI <\/h2>\t\t\t\t<\/div>\n\t\t\t\t<\/div>\n\t\t\t\t<div class=\"elementor-element elementor-element-c148205 elementor-widget elementor-widget-text-editor\" data-id=\"c148205\" data-element_type=\"widget\" data-widget_type=\"text-editor.default\">\n\t\t\t\t<div class=\"elementor-widget-container\">\n\t\t\t\t\t\t\t\t\t<p>Cr\u00e9\u00e9e en 1978 en Italie, <strong data-start=\"1060\" data-end=\"1068\">GIVI<\/strong> est une marque leader dans la fabrication d\u2019accessoires moto. Elle est reconnue mondialement pour ses <strong>top cases<\/strong>, <strong>pare-brises<\/strong> et syst\u00e8mes de bagagerie innovants. Qualit\u00e9, design italien et r\u00e9sistance sont au c\u0153ur de l\u2019ADN de GIVI.<\/p><p><strong data-start=\"1300\" data-end=\"1316\">Culture Moto<\/strong> importe les produits GIVI pour \u00e9quiper les motos et scooters de ses clients avec confort, s\u00e9curit\u00e9 et praticit\u00e9.<\/p>\t\t\t\t\t\t\t\t<\/div>\n\t\t\t\t<\/div>\n\t\t\t\t<div class=\"elementor-element elementor-element-872f498 elementor-mobile-align-center elementor-widget elementor-widget-button\" data-id=\"872f498\" data-element_type=\"widget\" data-widget_type=\"button.default\">\n\t\t\t\t<div class=\"elementor-widget-container\">\n\t\t\t\t\t\t\t\t\t<div class=\"elementor-button-wrapper\">\n\t\t\t\t\t<a class=\"elementor-button elementor-button-link elementor-size-sm\" href=\"https:\/\/kymco.dgx.ma\/product-category\/givi\/\">\n\t\t\t\t\t\t<span class=\"elementor-button-content-wrapper\">\n\t\t\t\t\t\t\t\t\t<span class=\"elementor-button-text\">Tous Nos Produits <\/span>\n\t\t\t\t\t<\/span>\n\t\t\t\t\t<\/a>\n\t\t\t\t<\/div>\n\t\t\t\t\t\t\t\t<\/div>\n\t\t\t\t<\/div>\n\t\t\t\t<div class=\"elementor-element elementor-element-a852ad7 elementor-widget elementor-widget-spacer\" data-id=\"a852ad7\" data-element_type=\"widget\" data-widget_type=\"spacer.default\">\n\t\t\t\t<div class=\"elementor-widget-container\">\n\t\t\t\t\t\t\t<div class=\"elementor-spacer\">\n\t\t\t<div class=\"elementor-spacer-inner\"><\/div>\n\t\t<\/div>\n\t\t\t\t\t\t<\/div>\n\t\t\t\t<\/div>\n\t\t\t\t<\/div>\n\t\t<div class=\"elementor-element elementor-element-7f3ee29 e-con-full e-flex wpr-particle-no wpr-jarallax-no wpr-parallax-no wpr-sticky-section-no e-con e-child\" data-id=\"7f3ee29\" data-element_type=\"container\">\n\t\t\t\t<div class=\"elementor-element elementor-element-937bcf2 elementor-widget elementor-widget-image\" data-id=\"937bcf2\" data-element_type=\"widget\" data-widget_type=\"image.default\">\n\t\t\t\t<div class=\"elementor-widget-container\">\n\t\t\t\t\t\t\t\t\t\t\t\t\t\t\t<img fetchpriority=\"high\" decoding=\"async\" width=\"800\" height=\"600\" src=\"https:\/\/kymco.dgx.ma\/wp-content\/uploads\/2025\/07\/GIVI-bauletti-moto-header-mob.jpg\" class=\"attachment-large size-large wp-image-7818\" alt=\"\" srcset=\"https:\/\/kymco.dgx.ma\/wp-content\/uploads\/2025\/07\/GIVI-bauletti-moto-header-mob.jpg 800w, https:\/\/kymco.dgx.ma\/wp-content\/uploads\/2025\/07\/GIVI-bauletti-moto-header-mob-300x225.jpg 300w, https:\/\/kymco.dgx.ma\/wp-content\/uploads\/2025\/07\/GIVI-bauletti-moto-header-mob-768x576.jpg 768w, https:\/\/kymco.dgx.ma\/wp-content\/uploads\/2025\/07\/GIVI-bauletti-moto-header-mob-16x12.jpg 16w, https:\/\/kymco.dgx.ma\/wp-content\/uploads\/2025\/07\/GIVI-bauletti-moto-header-mob-600x450.jpg 600w\" sizes=\"(max-width: 800px) 100vw, 800px\" \/>\t\t\t\t\t\t\t\t\t\t\t\t\t\t\t<\/div>\n\t\t\t\t<\/div>\n\t\t\t\t<\/div>\n\t\t\t\t\t<\/div>\n\t\t\t\t<\/div>\n\t\t<div class=\"elementor-element elementor-element-c124d36 e-flex e-con-boxed wpr-particle-no wpr-jarallax-no wpr-parallax-no wpr-sticky-section-no e-con e-parent\" data-id=\"c124d36\" data-element_type=\"container\">\n\t\t\t\t\t<div class=\"e-con-inner\">\n\t\t\t\t<div class=\"elementor-element elementor-element-1e4a32b elementor-widget elementor-widget-heading\" data-id=\"1e4a32b\" data-element_type=\"widget\" data-widget_type=\"heading.default\">\n\t\t\t\t<div class=\"elementor-widget-container\">\n\t\t\t\t\t<h2 class=\"elementor-heading-title elementor-size-default\">Cat\u00e9gories propos\u00e9es :<\/h2>\t\t\t\t<\/div>\n\t\t\t\t<\/div>\n\t\t\t\t\t<\/div>\n\t\t\t\t<\/div>\n\t\t<div class=\"elementor-element elementor-element-01bcc5e e-flex e-con-boxed wpr-particle-no wpr-jarallax-no wpr-parallax-no wpr-sticky-section-no e-con e-parent\" data-id=\"01bcc5e\" data-element_type=\"container\">\n\t\t\t\t\t<div class=\"e-con-inner\">\n\t\t<div class=\"elementor-element elementor-element-890450b e-con-full e-flex wpr-particle-no wpr-jarallax-no wpr-parallax-no wpr-sticky-section-no e-con e-child\" data-id=\"890450b\" data-element_type=\"container\">\n\t\t\t\t<div class=\"elementor-element elementor-element-44e8b3b elementor-widget elementor-widget-image\" data-id=\"44e8b3b\" data-element_type=\"widget\" data-widget_type=\"image.default\">\n\t\t\t\t<div class=\"elementor-widget-container\">\n\t\t\t\t\t\t\t\t\t\t\t\t\t\t\t<img decoding=\"async\" width=\"570\" height=\"600\" src=\"https:\/\/kymco.dgx.ma\/wp-content\/uploads\/2025\/07\/Design-sans-titre-11.png\" class=\"attachment-large size-large wp-image-7262\" alt=\"\" srcset=\"https:\/\/kymco.dgx.ma\/wp-content\/uploads\/2025\/07\/Design-sans-titre-11.png 570w, https:\/\/kymco.dgx.ma\/wp-content\/uploads\/2025\/07\/Design-sans-titre-11-285x300.png 285w, https:\/\/kymco.dgx.ma\/wp-content\/uploads\/2025\/07\/Design-sans-titre-11-11x12.png 11w\" sizes=\"(max-width: 570px) 100vw, 570px\" \/>\t\t\t\t\t\t\t\t\t\t\t\t\t\t\t<\/div>\n\t\t\t\t<\/div>\n\t\t\t\t<div class=\"elementor-element elementor-element-4d5b62a elementor-align-justify elementor-widget elementor-widget-button\" data-id=\"4d5b62a\" data-element_type=\"widget\" data-widget_type=\"button.default\">\n\t\t\t\t<div class=\"elementor-widget-container\">\n\t\t\t\t\t\t\t\t\t<div class=\"elementor-button-wrapper\">\n\t\t\t\t\t<a class=\"elementor-button elementor-button-link elementor-size-sm\" href=\"https:\/\/kymco.dgx.ma\/product-category\/givi\/top-cases-valises-laterales\/\">\n\t\t\t\t\t\t<span class=\"elementor-button-content-wrapper\">\n\t\t\t\t\t\t<span class=\"elementor-button-icon\">\n\t\t\t\t<i aria-hidden=\"true\" class=\"icon icon-arrow-right\"><\/i>\t\t\t<\/span>\n\t\t\t\t\t\t\t\t\t<span class=\"elementor-button-text\">Top Cases &amp; Valises lat\u00e9rales<\/span>\n\t\t\t\t\t<\/span>\n\t\t\t\t\t<\/a>\n\t\t\t\t<\/div>\n\t\t\t\t\t\t\t\t<\/div>\n\t\t\t\t<\/div>\n\t\t\t\t<\/div>\n\t\t<div class=\"elementor-element elementor-element-4182b70 e-con-full e-flex wpr-particle-no wpr-jarallax-no wpr-parallax-no wpr-sticky-section-no e-con e-child\" data-id=\"4182b70\" data-element_type=\"container\">\n\t\t\t\t<div class=\"elementor-element elementor-element-6b4dfec elementor-widget elementor-widget-image\" data-id=\"6b4dfec\" data-element_type=\"widget\" data-widget_type=\"image.default\">\n\t\t\t\t<div class=\"elementor-widget-container\">\n\t\t\t\t\t\t\t\t\t\t\t\t\t\t\t<img decoding=\"async\" width=\"570\" height=\"600\" src=\"https:\/\/kymco.dgx.ma\/wp-content\/uploads\/2025\/07\/Design-sans-titre-12.png\" class=\"attachment-large size-large wp-image-7263\" alt=\"\" srcset=\"https:\/\/kymco.dgx.ma\/wp-content\/uploads\/2025\/07\/Design-sans-titre-12.png 570w, https:\/\/kymco.dgx.ma\/wp-content\/uploads\/2025\/07\/Design-sans-titre-12-285x300.png 285w, https:\/\/kymco.dgx.ma\/wp-content\/uploads\/2025\/07\/Design-sans-titre-12-11x12.png 11w\" sizes=\"(max-width: 570px) 100vw, 570px\" \/>\t\t\t\t\t\t\t\t\t\t\t\t\t\t\t<\/div>\n\t\t\t\t<\/div>\n\t\t\t\t<div class=\"elementor-element elementor-element-b355752 elementor-align-justify elementor-widget elementor-widget-button\" data-id=\"b355752\" data-element_type=\"widget\" data-widget_type=\"button.default\">\n\t\t\t\t<div class=\"elementor-widget-container\">\n\t\t\t\t\t\t\t\t\t<div class=\"elementor-button-wrapper\">\n\t\t\t\t\t<a class=\"elementor-button elementor-button-link elementor-size-sm\" href=\"https:\/\/kymco.dgx.ma\/product-category\/givi\/supports-fixations\/\">\n\t\t\t\t\t\t<span class=\"elementor-button-content-wrapper\">\n\t\t\t\t\t\t<span class=\"elementor-button-icon\">\n\t\t\t\t<i aria-hidden=\"true\" class=\"icon icon-arrow-right\"><\/i>\t\t\t<\/span>\n\t\t\t\t\t\t\t\t\t<span class=\"elementor-button-text\">Supports &amp; Fixations<\/span>\n\t\t\t\t\t<\/span>\n\t\t\t\t\t<\/a>\n\t\t\t\t<\/div>\n\t\t\t\t\t\t\t\t<\/div>\n\t\t\t\t<\/div>\n\t\t\t\t<\/div>\n\t\t<div class=\"elementor-element elementor-element-6e0a6f5 e-con-full e-flex wpr-particle-no wpr-jarallax-no wpr-parallax-no wpr-sticky-section-no e-con e-child\" data-id=\"6e0a6f5\" data-element_type=\"container\">\n\t\t\t\t<div class=\"elementor-element elementor-element-f72963b elementor-widget elementor-widget-image\" data-id=\"f72963b\" data-element_type=\"widget\" data-widget_type=\"image.default\">\n\t\t\t\t<div class=\"elementor-widget-container\">\n\t\t\t\t\t\t\t\t\t\t\t\t\t\t\t<img loading=\"lazy\" decoding=\"async\" width=\"570\" height=\"600\" src=\"https:\/\/kymco.dgx.ma\/wp-content\/uploads\/2025\/07\/Design-sans-titre-13.png\" class=\"attachment-large size-large wp-image-7264\" alt=\"\" srcset=\"https:\/\/kymco.dgx.ma\/wp-content\/uploads\/2025\/07\/Design-sans-titre-13.png 570w, https:\/\/kymco.dgx.ma\/wp-content\/uploads\/2025\/07\/Design-sans-titre-13-285x300.png 285w, https:\/\/kymco.dgx.ma\/wp-content\/uploads\/2025\/07\/Design-sans-titre-13-11x12.png 11w\" sizes=\"(max-width: 570px) 100vw, 570px\" \/>\t\t\t\t\t\t\t\t\t\t\t\t\t\t\t<\/div>\n\t\t\t\t<\/div>\n\t\t\t\t<div class=\"elementor-element elementor-element-9463468 elementor-align-justify elementor-widget elementor-widget-button\" data-id=\"9463468\" data-element_type=\"widget\" data-widget_type=\"button.default\">\n\t\t\t\t<div class=\"elementor-widget-container\">\n\t\t\t\t\t\t\t\t\t<div class=\"elementor-button-wrapper\">\n\t\t\t\t\t<a class=\"elementor-button elementor-button-link elementor-size-sm\" href=\"https:\/\/kymco.dgx.ma\/product-category\/givi\/pare-brise-bulles\/\">\n\t\t\t\t\t\t<span class=\"elementor-button-content-wrapper\">\n\t\t\t\t\t\t<span class=\"elementor-button-icon\">\n\t\t\t\t<i aria-hidden=\"true\" class=\"icon icon-arrow-right\"><\/i>\t\t\t<\/span>\n\t\t\t\t\t\t\t\t\t<span class=\"elementor-button-text\">Pare-brise &amp; Bulles<\/span>\n\t\t\t\t\t<\/span>\n\t\t\t\t\t<\/a>\n\t\t\t\t<\/div>\n\t\t\t\t\t\t\t\t<\/div>\n\t\t\t\t<\/div>\n\t\t\t\t<\/div>\n\t\t\t\t\t<\/div>\n\t\t\t\t<\/div>\n\t\t<div class=\"elementor-element elementor-element-7331461 e-flex e-con-boxed wpr-particle-no wpr-jarallax-no wpr-parallax-no wpr-sticky-section-no e-con e-parent\" data-id=\"7331461\" data-element_type=\"container\">\n\t\t\t\t\t<div class=\"e-con-inner\">\n\t\t<div class=\"elementor-element elementor-element-b38cbcf e-con-full e-flex wpr-particle-no wpr-jarallax-no wpr-parallax-no wpr-sticky-section-no e-con e-child\" data-id=\"b38cbcf\" data-element_type=\"container\">\n\t\t\t\t<\/div>\n\t\t<div class=\"elementor-element elementor-element-db57914 e-con-full e-flex wpr-particle-no wpr-jarallax-no wpr-parallax-no wpr-sticky-section-no e-con e-child\" data-id=\"db57914\" data-element_type=\"container\">\n\t\t\t\t<div class=\"elementor-element elementor-element-9c46544 elementor-widget elementor-widget-image\" data-id=\"9c46544\" data-element_type=\"widget\" data-widget_type=\"image.default\">\n\t\t\t\t<div class=\"elementor-widget-container\">\n\t\t\t\t\t\t\t\t\t\t\t\t\t\t\t<img loading=\"lazy\" decoding=\"async\" width=\"570\" height=\"600\" src=\"https:\/\/kymco.dgx.ma\/wp-content\/uploads\/2025\/07\/Design-sans-titre-14.png\" class=\"attachment-large size-large wp-image-7265\" alt=\"\" srcset=\"https:\/\/kymco.dgx.ma\/wp-content\/uploads\/2025\/07\/Design-sans-titre-14.png 570w, https:\/\/kymco.dgx.ma\/wp-content\/uploads\/2025\/07\/Design-sans-titre-14-285x300.png 285w, https:\/\/kymco.dgx.ma\/wp-content\/uploads\/2025\/07\/Design-sans-titre-14-11x12.png 11w\" sizes=\"(max-width: 570px) 100vw, 570px\" \/>\t\t\t\t\t\t\t\t\t\t\t\t\t\t\t<\/div>\n\t\t\t\t<\/div>\n\t\t\t\t<div class=\"elementor-element elementor-element-5dc5902 elementor-align-justify elementor-widget elementor-widget-button\" data-id=\"5dc5902\" data-element_type=\"widget\" data-widget_type=\"button.default\">\n\t\t\t\t<div class=\"elementor-widget-container\">\n\t\t\t\t\t\t\t\t\t<div class=\"elementor-button-wrapper\">\n\t\t\t\t\t<a class=\"elementor-button elementor-button-link elementor-size-sm\" href=\"https:\/\/kymco.dgx.ma\/product-category\/givi\/accessoires-touring\/\">\n\t\t\t\t\t\t<span class=\"elementor-button-content-wrapper\">\n\t\t\t\t\t\t<span class=\"elementor-button-icon\">\n\t\t\t\t<i aria-hidden=\"true\" class=\"icon icon-arrow-right\"><\/i>\t\t\t<\/span>\n\t\t\t\t\t\t\t\t\t<span class=\"elementor-button-text\">Accessoires<\/span>\n\t\t\t\t\t<\/span>\n\t\t\t\t\t<\/a>\n\t\t\t\t<\/div>\n\t\t\t\t\t\t\t\t<\/div>\n\t\t\t\t<\/div>\n\t\t\t\t<\/div>\n\t\t<div class=\"elementor-element elementor-element-7ffad8e e-con-full e-flex wpr-particle-no wpr-jarallax-no wpr-parallax-no wpr-sticky-section-no e-con e-child\" data-id=\"7ffad8e\" data-element_type=\"container\">\n\t\t\t\t<div class=\"elementor-element elementor-element-5650996 elementor-widget elementor-widget-image\" data-id=\"5650996\" data-element_type=\"widget\" data-widget_type=\"image.default\">\n\t\t\t\t<div class=\"elementor-widget-container\">\n\t\t\t\t\t\t\t\t\t\t\t\t\t\t\t<img loading=\"lazy\" decoding=\"async\" width=\"570\" height=\"600\" src=\"https:\/\/kymco.dgx.ma\/wp-content\/uploads\/2025\/07\/Design-sans-titre-15.png\" class=\"attachment-large size-large wp-image-7266\" alt=\"\" srcset=\"https:\/\/kymco.dgx.ma\/wp-content\/uploads\/2025\/07\/Design-sans-titre-15.png 570w, https:\/\/kymco.dgx.ma\/wp-content\/uploads\/2025\/07\/Design-sans-titre-15-285x300.png 285w, https:\/\/kymco.dgx.ma\/wp-content\/uploads\/2025\/07\/Design-sans-titre-15-11x12.png 11w\" sizes=\"(max-width: 570px) 100vw, 570px\" \/>\t\t\t\t\t\t\t\t\t\t\t\t\t\t\t<\/div>\n\t\t\t\t<\/div>\n\t\t\t\t<div class=\"elementor-element elementor-element-8d7fb07 elementor-align-justify elementor-widget elementor-widget-button\" data-id=\"8d7fb07\" data-element_type=\"widget\" data-widget_type=\"button.default\">\n\t\t\t\t<div class=\"elementor-widget-container\">\n\t\t\t\t\t\t\t\t\t<div class=\"elementor-button-wrapper\">\n\t\t\t\t\t<a class=\"elementor-button elementor-button-link elementor-size-sm\" href=\"https:\/\/kymco.dgx.ma\/product-category\/givi\/sacoches-tabliers-protections\/\">\n\t\t\t\t\t\t<span class=\"elementor-button-content-wrapper\">\n\t\t\t\t\t\t<span class=\"elementor-button-icon\">\n\t\t\t\t<i aria-hidden=\"true\" class=\"icon icon-arrow-right\"><\/i>\t\t\t<\/span>\n\t\t\t\t\t\t\t\t\t<span class=\"elementor-button-text\">Sacoches, tabliers, protections<\/span>\n\t\t\t\t\t<\/span>\n\t\t\t\t\t<\/a>\n\t\t\t\t<\/div>\n\t\t\t\t\t\t\t\t<\/div>\n\t\t\t\t<\/div>\n\t\t\t\t<\/div>\n\t\t<div class=\"elementor-element elementor-element-a476350 e-con-full e-flex wpr-particle-no wpr-jarallax-no wpr-parallax-no wpr-sticky-section-no e-con e-child\" data-id=\"a476350\" data-element_type=\"container\">\n\t\t\t\t<\/div>\n\t\t\t\t\t<\/div>\n\t\t\t\t<\/div>\n\t\t\t\t<\/div>","protected":false},"excerpt":{"rendered":"<p>Marque GIVI Cr\u00e9\u00e9e en 1978 en Italie, GIVI est une marque leader dans la fabrication d\u2019accessoires moto. Elle est reconnue mondialement pour ses top cases, pare-brises et syst\u00e8mes de bagagerie innovants. Qualit\u00e9, design italien et r\u00e9sistance sont au c\u0153ur de l\u2019ADN de GIVI. Culture Moto importe les produits GIVI pour \u00e9quiper les motos et scooters de ses clients avec confort, s\u00e9curit\u00e9 et praticit\u00e9. Tous Nos Produits Cat\u00e9gories propos\u00e9es : Top Cases &#038; Valises lat\u00e9rales Supports &#038; Fixations Pare-brise &#038; Bulles Accessoires Sacoches, tabliers, protections<\/p>","protected":false},"author":1,"featured_media":0,"parent":0,"menu_order":0,"comment_status":"closed","ping_status":"closed","template":"","meta":{"site-sidebar-layout":"no-sidebar","site-content-layout":"","ast-site-content-layout":"full-width-container","site-content-style":"default","site-sidebar-style":"default","ast-global-header-display":"","ast-banner-title-visibility":"","ast-main-header-display":"","ast-hfb-above-header-display":"","ast-hfb-below-header-display":"","ast-hfb-mobile-header-display":"","site-post-title":"disabled","ast-breadcrumbs-content":"","ast-featured-img":"disabled","footer-sml-layout":"","theme-transparent-header-meta":"","adv-header-id-meta":"","stick-header-meta":"","header-above-stick-meta":"","header-main-stick-meta":"","header-below-stick-meta":"","astra-migrate-meta-layouts":"default","ast-page-background-enabled":"default","ast-page-background-meta":{"desktop":{"background-color":"var(--ast-global-color-5)","background-image":"","background-repeat":"repeat","background-position":"center center","background-size":"auto","background-attachment":"scroll","background-type":"","background-media":"","overlay-type":"","overlay-color":"","overlay-opacity":"","overlay-gradient":""},"tablet":{"background-color":"","background-image":"","background-repeat":"repeat","background-position":"center center","background-size":"auto","background-attachment":"scroll","background-type":"","background-media":"","overlay-type":"","overlay-color":"","overlay-opacity":"","overlay-gradient":""},"mobile":{"background-color":"","background-image":"","background-repeat":"repeat","background-position":"center center","background-size":"auto","background-attachment":"scroll","background-type":"","background-media":"","overlay-type":"","overlay-color":"","overlay-opacity":"","overlay-gradient":""}},"ast-content-background-meta":{"desktop":{"background-color":"var(--ast-global-color-4)","background-image":"","background-repeat":"repeat","background-position":"center center","background-size":"auto","background-attachment":"scroll","background-type":"","background-media":"","overlay-type":"","overlay-color":"","overlay-opacity":"","overlay-gradient":""},"tablet":{"background-color":"var(--ast-global-color-4)","background-image":"","background-repeat":"repeat","background-position":"center center","background-size":"auto","background-attachment":"scroll","background-type":"","background-media":"","overlay-type":"","overlay-color":"","overlay-opacity":"","overlay-gradient":""},"mobile":{"background-color":"var(--ast-global-color-4)","background-image":"","background-repeat":"repeat","background-position":"center center","background-size":"auto","background-attachment":"scroll","background-type":"","background-media":"","overlay-type":"","overlay-color":"","overlay-opacity":"","overlay-gradient":""}},"footnotes":""},"class_list":["post-7247","page","type-page","status-publish","hentry"],"_links":{"self":[{"href":"https:\/\/kymco.dgx.ma\/en\/wp-json\/wp\/v2\/pages\/7247","targetHints":{"allow":["GET"]}}],"collection":[{"href":"https:\/\/kymco.dgx.ma\/en\/wp-json\/wp\/v2\/pages"}],"about":[{"href":"https:\/\/kymco.dgx.ma\/en\/wp-json\/wp\/v2\/types\/page"}],"author":[{"embeddable":true,"href":"https:\/\/kymco.dgx.ma\/en\/wp-json\/wp\/v2\/users\/1"}],"replies":[{"embeddable":true,"href":"https:\/\/kymco.dgx.ma\/en\/wp-json\/wp\/v2\/comments?post=7247"}],"version-history":[{"count":25,"href":"https:\/\/kymco.dgx.ma\/en\/wp-json\/wp\/v2\/pages\/7247\/revisions"}],"predecessor-version":[{"id":7827,"href":"https:\/\/kymco.dgx.ma\/en\/wp-json\/wp\/v2\/pages\/7247\/revisions\/7827"}],"wp:attachment":[{"href":"https:\/\/kymco.dgx.ma\/en\/wp-json\/wp\/v2\/media?parent=7247"}],"curies":[{"name":"wp","href":"https:\/\/api.w.org\/{rel}","templated":true}]}}