{"id":7277,"date":"2025-07-25T16:55:44","date_gmt":"2025-07-25T15:55:44","guid":{"rendered":"https:\/\/kymco.dgx.ma\/?page_id=7277"},"modified":"2025-07-29T17:16:20","modified_gmt":"2025-07-29T16:16:20","slug":"marque-nolan","status":"publish","type":"page","link":"https:\/\/kymco.dgx.ma\/en\/marque-nolan\/","title":{"rendered":"Marque NOLAN"},"content":{"rendered":"<div data-elementor-type=\"wp-page\" data-elementor-id=\"7277\" class=\"elementor elementor-7277\">\n\t\t\t\t<div class=\"elementor-element elementor-element-10e6e98 e-flex e-con-boxed wpr-particle-no wpr-jarallax-no wpr-parallax-no wpr-sticky-section-no e-con e-parent\" data-id=\"10e6e98\" data-element_type=\"container\">\n\t\t\t\t\t<div class=\"e-con-inner\">\n\t\t<div class=\"elementor-element elementor-element-359c27f e-con-full e-flex wpr-particle-no wpr-jarallax-no wpr-parallax-no wpr-sticky-section-no e-con e-child\" data-id=\"359c27f\" data-element_type=\"container\">\n\t\t\t\t<div class=\"elementor-element elementor-element-b937037 elementor-widget elementor-widget-spacer\" data-id=\"b937037\" data-element_type=\"widget\" data-widget_type=\"spacer.default\">\n\t\t\t\t<div class=\"elementor-widget-container\">\n\t\t\t\t\t\t\t<div class=\"elementor-spacer\">\n\t\t\t<div class=\"elementor-spacer-inner\"><\/div>\n\t\t<\/div>\n\t\t\t\t\t\t<\/div>\n\t\t\t\t<\/div>\n\t\t\t\t<div class=\"elementor-element elementor-element-5afda0d elementor-widget elementor-widget-heading\" data-id=\"5afda0d\" data-element_type=\"widget\" data-widget_type=\"heading.default\">\n\t\t\t\t<div class=\"elementor-widget-container\">\n\t\t\t\t\t<h2 class=\"elementor-heading-title elementor-size-default\">Marque NOLAN<\/h2>\t\t\t\t<\/div>\n\t\t\t\t<\/div>\n\t\t\t\t<div class=\"elementor-element elementor-element-c148205 elementor-widget elementor-widget-text-editor\" data-id=\"c148205\" data-element_type=\"widget\" data-widget_type=\"text-editor.default\">\n\t\t\t\t<div class=\"elementor-widget-container\">\n\t\t\t\t\t\t\t\t\t<p><strong data-start=\"1719\" data-end=\"1728\">NOLAN<\/strong> est une marque italienne fond\u00e9e en 1972, sp\u00e9cialis\u00e9e dans la fabrication de casques moto de haute technologie. Reconnue pour sa s\u00e9curit\u00e9, sa qualit\u00e9 de fabrication et ses innovations (casques modulables, intercoms int\u00e9gr\u00e9s), elle est le choix de nombreux motards professionnels et passionn\u00e9s.<\/p><p data-start=\"2023\" data-end=\"2137\"><strong data-start=\"2023\" data-end=\"2039\">Culture Moto<\/strong> est distributeur officiel des casques NOLAN au Maroc, apportant protection, style et performance.<\/p>\t\t\t\t\t\t\t\t<\/div>\n\t\t\t\t<\/div>\n\t\t\t\t<div class=\"elementor-element elementor-element-872f498 elementor-mobile-align-center elementor-widget elementor-widget-button\" data-id=\"872f498\" data-element_type=\"widget\" data-widget_type=\"button.default\">\n\t\t\t\t<div class=\"elementor-widget-container\">\n\t\t\t\t\t\t\t\t\t<div class=\"elementor-button-wrapper\">\n\t\t\t\t\t<a class=\"elementor-button elementor-button-link elementor-size-sm\" href=\"https:\/\/kymco.dgx.ma\/product-category\/nolan\/\">\n\t\t\t\t\t\t<span class=\"elementor-button-content-wrapper\">\n\t\t\t\t\t\t\t\t\t<span class=\"elementor-button-text\">Tous Nos Produits <\/span>\n\t\t\t\t\t<\/span>\n\t\t\t\t\t<\/a>\n\t\t\t\t<\/div>\n\t\t\t\t\t\t\t\t<\/div>\n\t\t\t\t<\/div>\n\t\t\t\t<div class=\"elementor-element elementor-element-a852ad7 elementor-widget elementor-widget-spacer\" data-id=\"a852ad7\" data-element_type=\"widget\" data-widget_type=\"spacer.default\">\n\t\t\t\t<div class=\"elementor-widget-container\">\n\t\t\t\t\t\t\t<div class=\"elementor-spacer\">\n\t\t\t<div class=\"elementor-spacer-inner\"><\/div>\n\t\t<\/div>\n\t\t\t\t\t\t<\/div>\n\t\t\t\t<\/div>\n\t\t\t\t<\/div>\n\t\t<div class=\"elementor-element elementor-element-7f3ee29 e-con-full e-flex wpr-particle-no wpr-jarallax-no wpr-parallax-no wpr-sticky-section-no e-con e-child\" data-id=\"7f3ee29\" data-element_type=\"container\">\n\t\t\t\t<div class=\"elementor-element elementor-element-937bcf2 elementor-widget elementor-widget-image\" data-id=\"937bcf2\" data-element_type=\"widget\" data-widget_type=\"image.default\">\n\t\t\t\t<div class=\"elementor-widget-container\">\n\t\t\t\t\t\t\t\t\t\t\t\t\t\t\t<img fetchpriority=\"high\" decoding=\"async\" width=\"500\" height=\"500\" src=\"https:\/\/kymco.dgx.ma\/wp-content\/uploads\/2025\/07\/Design-sans-titre-17.png\" class=\"attachment-large size-large wp-image-7280\" alt=\"\" srcset=\"https:\/\/kymco.dgx.ma\/wp-content\/uploads\/2025\/07\/Design-sans-titre-17.png 500w, https:\/\/kymco.dgx.ma\/wp-content\/uploads\/2025\/07\/Design-sans-titre-17-300x300.png 300w, https:\/\/kymco.dgx.ma\/wp-content\/uploads\/2025\/07\/Design-sans-titre-17-150x150.png 150w, https:\/\/kymco.dgx.ma\/wp-content\/uploads\/2025\/07\/Design-sans-titre-17-12x12.png 12w, https:\/\/kymco.dgx.ma\/wp-content\/uploads\/2025\/07\/Design-sans-titre-17-100x100.png 100w\" sizes=\"(max-width: 500px) 100vw, 500px\" \/>\t\t\t\t\t\t\t\t\t\t\t\t\t\t\t<\/div>\n\t\t\t\t<\/div>\n\t\t\t\t<\/div>\n\t\t\t\t\t<\/div>\n\t\t\t\t<\/div>\n\t\t<div class=\"elementor-element elementor-element-c124d36 e-flex e-con-boxed wpr-particle-no wpr-jarallax-no wpr-parallax-no wpr-sticky-section-no e-con e-parent\" data-id=\"c124d36\" data-element_type=\"container\">\n\t\t\t\t\t<div class=\"e-con-inner\">\n\t\t\t\t<div class=\"elementor-element elementor-element-1e4a32b elementor-widget elementor-widget-heading\" data-id=\"1e4a32b\" data-element_type=\"widget\" data-widget_type=\"heading.default\">\n\t\t\t\t<div class=\"elementor-widget-container\">\n\t\t\t\t\t<h2 class=\"elementor-heading-title elementor-size-default\">Cat\u00e9gories propos\u00e9es :<\/h2>\t\t\t\t<\/div>\n\t\t\t\t<\/div>\n\t\t\t\t\t<\/div>\n\t\t\t\t<\/div>\n\t\t<div class=\"elementor-element elementor-element-01bcc5e e-flex e-con-boxed wpr-particle-no wpr-jarallax-no wpr-parallax-no wpr-sticky-section-no e-con e-parent\" data-id=\"01bcc5e\" data-element_type=\"container\">\n\t\t\t\t\t<div class=\"e-con-inner\">\n\t\t<div class=\"elementor-element elementor-element-890450b e-con-full e-flex wpr-particle-no wpr-jarallax-no wpr-parallax-no wpr-sticky-section-no e-con e-child\" data-id=\"890450b\" data-element_type=\"container\">\n\t\t\t\t<div class=\"elementor-element elementor-element-44e8b3b elementor-widget elementor-widget-image\" data-id=\"44e8b3b\" data-element_type=\"widget\" data-widget_type=\"image.default\">\n\t\t\t\t<div class=\"elementor-widget-container\">\n\t\t\t\t\t\t\t\t\t\t\t\t\t\t\t<img decoding=\"async\" width=\"570\" height=\"600\" src=\"https:\/\/kymco.dgx.ma\/wp-content\/uploads\/2025\/07\/Design-sans-titre-18.png\" class=\"attachment-large size-large wp-image-7285\" alt=\"\" srcset=\"https:\/\/kymco.dgx.ma\/wp-content\/uploads\/2025\/07\/Design-sans-titre-18.png 570w, https:\/\/kymco.dgx.ma\/wp-content\/uploads\/2025\/07\/Design-sans-titre-18-285x300.png 285w, https:\/\/kymco.dgx.ma\/wp-content\/uploads\/2025\/07\/Design-sans-titre-18-11x12.png 11w\" sizes=\"(max-width: 570px) 100vw, 570px\" \/>\t\t\t\t\t\t\t\t\t\t\t\t\t\t\t<\/div>\n\t\t\t\t<\/div>\n\t\t\t\t<div class=\"elementor-element elementor-element-4d5b62a elementor-align-justify elementor-widget elementor-widget-button\" data-id=\"4d5b62a\" data-element_type=\"widget\" data-widget_type=\"button.default\">\n\t\t\t\t<div class=\"elementor-widget-container\">\n\t\t\t\t\t\t\t\t\t<div class=\"elementor-button-wrapper\">\n\t\t\t\t\t<a class=\"elementor-button elementor-button-link elementor-size-sm\" href=\"https:\/\/kymco.dgx.ma\/product-category\/nolan\/casques-integraux\/\">\n\t\t\t\t\t\t<span class=\"elementor-button-content-wrapper\">\n\t\t\t\t\t\t<span class=\"elementor-button-icon\">\n\t\t\t\t<i aria-hidden=\"true\" class=\"icon icon-arrow-right\"><\/i>\t\t\t<\/span>\n\t\t\t\t\t\t\t\t\t<span class=\"elementor-button-text\">Casques int\u00e9graux<\/span>\n\t\t\t\t\t<\/span>\n\t\t\t\t\t<\/a>\n\t\t\t\t<\/div>\n\t\t\t\t\t\t\t\t<\/div>\n\t\t\t\t<\/div>\n\t\t\t\t<\/div>\n\t\t<div class=\"elementor-element elementor-element-4182b70 e-con-full e-flex wpr-particle-no wpr-jarallax-no wpr-parallax-no wpr-sticky-section-no e-con e-child\" data-id=\"4182b70\" data-element_type=\"container\">\n\t\t\t\t<div class=\"elementor-element elementor-element-6b4dfec elementor-widget elementor-widget-image\" data-id=\"6b4dfec\" data-element_type=\"widget\" data-widget_type=\"image.default\">\n\t\t\t\t<div class=\"elementor-widget-container\">\n\t\t\t\t\t\t\t\t\t\t\t\t\t\t\t<img decoding=\"async\" width=\"570\" height=\"600\" src=\"https:\/\/kymco.dgx.ma\/wp-content\/uploads\/2025\/07\/Design-sans-titre-19.png\" class=\"attachment-large size-large wp-image-7284\" alt=\"\" srcset=\"https:\/\/kymco.dgx.ma\/wp-content\/uploads\/2025\/07\/Design-sans-titre-19.png 570w, https:\/\/kymco.dgx.ma\/wp-content\/uploads\/2025\/07\/Design-sans-titre-19-285x300.png 285w, https:\/\/kymco.dgx.ma\/wp-content\/uploads\/2025\/07\/Design-sans-titre-19-11x12.png 11w\" sizes=\"(max-width: 570px) 100vw, 570px\" \/>\t\t\t\t\t\t\t\t\t\t\t\t\t\t\t<\/div>\n\t\t\t\t<\/div>\n\t\t\t\t<div class=\"elementor-element elementor-element-b355752 elementor-align-justify elementor-widget elementor-widget-button\" data-id=\"b355752\" data-element_type=\"widget\" data-widget_type=\"button.default\">\n\t\t\t\t<div class=\"elementor-widget-container\">\n\t\t\t\t\t\t\t\t\t<div class=\"elementor-button-wrapper\">\n\t\t\t\t\t<a class=\"elementor-button elementor-button-link elementor-size-sm\" href=\"https:\/\/kymco.dgx.ma\/product-category\/nolan\/casques-modulables\/\">\n\t\t\t\t\t\t<span class=\"elementor-button-content-wrapper\">\n\t\t\t\t\t\t<span class=\"elementor-button-icon\">\n\t\t\t\t<i aria-hidden=\"true\" class=\"icon icon-arrow-right\"><\/i>\t\t\t<\/span>\n\t\t\t\t\t\t\t\t\t<span class=\"elementor-button-text\">Casques  modulables<\/span>\n\t\t\t\t\t<\/span>\n\t\t\t\t\t<\/a>\n\t\t\t\t<\/div>\n\t\t\t\t\t\t\t\t<\/div>\n\t\t\t\t<\/div>\n\t\t\t\t<\/div>\n\t\t<div class=\"elementor-element elementor-element-6e0a6f5 e-con-full e-flex wpr-particle-no wpr-jarallax-no wpr-parallax-no wpr-sticky-section-no e-con e-child\" data-id=\"6e0a6f5\" data-element_type=\"container\">\n\t\t\t\t<div class=\"elementor-element elementor-element-f72963b elementor-widget elementor-widget-image\" data-id=\"f72963b\" data-element_type=\"widget\" data-widget_type=\"image.default\">\n\t\t\t\t<div class=\"elementor-widget-container\">\n\t\t\t\t\t\t\t\t\t\t\t\t\t\t\t<img loading=\"lazy\" decoding=\"async\" width=\"570\" height=\"600\" src=\"https:\/\/kymco.dgx.ma\/wp-content\/uploads\/2025\/07\/Design-sans-titre-20.png\" class=\"attachment-large size-large wp-image-7287\" alt=\"\" srcset=\"https:\/\/kymco.dgx.ma\/wp-content\/uploads\/2025\/07\/Design-sans-titre-20.png 570w, https:\/\/kymco.dgx.ma\/wp-content\/uploads\/2025\/07\/Design-sans-titre-20-285x300.png 285w, https:\/\/kymco.dgx.ma\/wp-content\/uploads\/2025\/07\/Design-sans-titre-20-11x12.png 11w\" sizes=\"(max-width: 570px) 100vw, 570px\" \/>\t\t\t\t\t\t\t\t\t\t\t\t\t\t\t<\/div>\n\t\t\t\t<\/div>\n\t\t\t\t<div class=\"elementor-element elementor-element-9463468 elementor-align-justify elementor-widget elementor-widget-button\" data-id=\"9463468\" data-element_type=\"widget\" data-widget_type=\"button.default\">\n\t\t\t\t<div class=\"elementor-widget-container\">\n\t\t\t\t\t\t\t\t\t<div class=\"elementor-button-wrapper\">\n\t\t\t\t\t<a class=\"elementor-button elementor-button-link elementor-size-sm\" href=\"https:\/\/kymco.dgx.ma\/product-category\/nolan\/casques-jet\/\">\n\t\t\t\t\t\t<span class=\"elementor-button-content-wrapper\">\n\t\t\t\t\t\t<span class=\"elementor-button-icon\">\n\t\t\t\t<i aria-hidden=\"true\" class=\"icon icon-arrow-right\"><\/i>\t\t\t<\/span>\n\t\t\t\t\t\t\t\t\t<span class=\"elementor-button-text\">Casques Jet<\/span>\n\t\t\t\t\t<\/span>\n\t\t\t\t\t<\/a>\n\t\t\t\t<\/div>\n\t\t\t\t\t\t\t\t<\/div>\n\t\t\t\t<\/div>\n\t\t\t\t<\/div>\n\t\t<div class=\"elementor-element elementor-element-a21a4f0 e-con-full e-flex wpr-particle-no wpr-jarallax-no wpr-parallax-no wpr-sticky-section-no e-con e-child\" data-id=\"a21a4f0\" data-element_type=\"container\">\n\t\t\t\t<div class=\"elementor-element elementor-element-5650996 elementor-widget elementor-widget-image\" data-id=\"5650996\" data-element_type=\"widget\" data-widget_type=\"image.default\">\n\t\t\t\t<div class=\"elementor-widget-container\">\n\t\t\t\t\t\t\t\t\t\t\t\t\t\t\t<img loading=\"lazy\" decoding=\"async\" width=\"570\" height=\"600\" src=\"https:\/\/kymco.dgx.ma\/wp-content\/uploads\/2025\/07\/Design-sans-titre-22.png\" class=\"attachment-large size-large wp-image-7289\" alt=\"\" srcset=\"https:\/\/kymco.dgx.ma\/wp-content\/uploads\/2025\/07\/Design-sans-titre-22.png 570w, https:\/\/kymco.dgx.ma\/wp-content\/uploads\/2025\/07\/Design-sans-titre-22-285x300.png 285w, https:\/\/kymco.dgx.ma\/wp-content\/uploads\/2025\/07\/Design-sans-titre-22-11x12.png 11w\" sizes=\"(max-width: 570px) 100vw, 570px\" \/>\t\t\t\t\t\t\t\t\t\t\t\t\t\t\t<\/div>\n\t\t\t\t<\/div>\n\t\t\t\t<div class=\"elementor-element elementor-element-8d7fb07 elementor-align-justify elementor-widget elementor-widget-button\" data-id=\"8d7fb07\" data-element_type=\"widget\" data-widget_type=\"button.default\">\n\t\t\t\t<div class=\"elementor-widget-container\">\n\t\t\t\t\t\t\t\t\t<div class=\"elementor-button-wrapper\">\n\t\t\t\t\t<a class=\"elementor-button elementor-button-link elementor-size-sm\" href=\"https:\/\/kymco.dgx.ma\/product-category\/nolan\/visieres-kits-bluetooth-pieces-detachees\/\">\n\t\t\t\t\t\t<span class=\"elementor-button-content-wrapper\">\n\t\t\t\t\t\t<span class=\"elementor-button-icon\">\n\t\t\t\t<i aria-hidden=\"true\" class=\"icon icon-arrow-right\"><\/i>\t\t\t<\/span>\n\t\t\t\t\t\t\t\t\t<span class=\"elementor-button-text\">Visi\u00e8res, kits Bluetooth, pi\u00e8ces d\u00e9tach\u00e9es<\/span>\n\t\t\t\t\t<\/span>\n\t\t\t\t\t<\/a>\n\t\t\t\t<\/div>\n\t\t\t\t\t\t\t\t<\/div>\n\t\t\t\t<\/div>\n\t\t\t\t<\/div>\n\t\t\t\t\t<\/div>\n\t\t\t\t<\/div>\n\t\t\t\t<\/div>","protected":false},"excerpt":{"rendered":"<p>Marque NOLAN NOLAN est une marque italienne fond\u00e9e en 1972, sp\u00e9cialis\u00e9e dans la fabrication de casques moto de haute technologie. Reconnue pour sa s\u00e9curit\u00e9, sa qualit\u00e9 de fabrication et ses innovations (casques modulables, intercoms int\u00e9gr\u00e9s), elle est le choix de nombreux motards professionnels et passionn\u00e9s. Culture Moto est distributeur officiel des casques NOLAN au Maroc, apportant protection, style et performance. Tous Nos Produits Cat\u00e9gories propos\u00e9es : Casques int\u00e9graux Casques modulables Casques Jet Visi\u00e8res, kits Bluetooth, pi\u00e8ces d\u00e9tach\u00e9es<\/p>","protected":false},"author":1,"featured_media":0,"parent":0,"menu_order":0,"comment_status":"closed","ping_status":"closed","template":"","meta":{"site-sidebar-layout":"no-sidebar","site-content-layout":"","ast-site-content-layout":"full-width-container","site-content-style":"default","site-sidebar-style":"default","ast-global-header-display":"","ast-banner-title-visibility":"","ast-main-header-display":"","ast-hfb-above-header-display":"","ast-hfb-below-header-display":"","ast-hfb-mobile-header-display":"","site-post-title":"disabled","ast-breadcrumbs-content":"","ast-featured-img":"disabled","footer-sml-layout":"","theme-transparent-header-meta":"","adv-header-id-meta":"","stick-header-meta":"","header-above-stick-meta":"","header-main-stick-meta":"","header-below-stick-meta":"","astra-migrate-meta-layouts":"default","ast-page-background-enabled":"default","ast-page-background-meta":{"desktop":{"background-color":"var(--ast-global-color-5)","background-image":"","background-repeat":"repeat","background-position":"center center","background-size":"auto","background-attachment":"scroll","background-type":"","background-media":"","overlay-type":"","overlay-color":"","overlay-opacity":"","overlay-gradient":""},"tablet":{"background-color":"","background-image":"","background-repeat":"repeat","background-position":"center center","background-size":"auto","background-attachment":"scroll","background-type":"","background-media":"","overlay-type":"","overlay-color":"","overlay-opacity":"","overlay-gradient":""},"mobile":{"background-color":"","background-image":"","background-repeat":"repeat","background-position":"center center","background-size":"auto","background-attachment":"scroll","background-type":"","background-media":"","overlay-type":"","overlay-color":"","overlay-opacity":"","overlay-gradient":""}},"ast-content-background-meta":{"desktop":{"background-color":"var(--ast-global-color-4)","background-image":"","background-repeat":"repeat","background-position":"center center","background-size":"auto","background-attachment":"scroll","background-type":"","background-media":"","overlay-type":"","overlay-color":"","overlay-opacity":"","overlay-gradient":""},"tablet":{"background-color":"var(--ast-global-color-4)","background-image":"","background-repeat":"repeat","background-position":"center center","background-size":"auto","background-attachment":"scroll","background-type":"","background-media":"","overlay-type":"","overlay-color":"","overlay-opacity":"","overlay-gradient":""},"mobile":{"background-color":"var(--ast-global-color-4)","background-image":"","background-repeat":"repeat","background-position":"center center","background-size":"auto","background-attachment":"scroll","background-type":"","background-media":"","overlay-type":"","overlay-color":"","overlay-opacity":"","overlay-gradient":""}},"footnotes":""},"class_list":["post-7277","page","type-page","status-publish","hentry"],"_links":{"self":[{"href":"https:\/\/kymco.dgx.ma\/en\/wp-json\/wp\/v2\/pages\/7277","targetHints":{"allow":["GET"]}}],"collection":[{"href":"https:\/\/kymco.dgx.ma\/en\/wp-json\/wp\/v2\/pages"}],"about":[{"href":"https:\/\/kymco.dgx.ma\/en\/wp-json\/wp\/v2\/types\/page"}],"author":[{"embeddable":true,"href":"https:\/\/kymco.dgx.ma\/en\/wp-json\/wp\/v2\/users\/1"}],"replies":[{"embeddable":true,"href":"https:\/\/kymco.dgx.ma\/en\/wp-json\/wp\/v2\/comments?post=7277"}],"version-history":[{"count":19,"href":"https:\/\/kymco.dgx.ma\/en\/wp-json\/wp\/v2\/pages\/7277\/revisions"}],"predecessor-version":[{"id":8089,"href":"https:\/\/kymco.dgx.ma\/en\/wp-json\/wp\/v2\/pages\/7277\/revisions\/8089"}],"wp:attachment":[{"href":"https:\/\/kymco.dgx.ma\/en\/wp-json\/wp\/v2\/media?parent=7277"}],"curies":[{"name":"wp","href":"https:\/\/api.w.org\/{rel}","templated":true}]}}