{"id":7303,"date":"2025-07-25T17:49:53","date_gmt":"2025-07-25T16:49:53","guid":{"rendered":"https:\/\/kymco.dgx.ma\/?page_id=7303"},"modified":"2025-08-08T17:04:18","modified_gmt":"2025-08-08T16:04:18","slug":"marque-kymco","status":"publish","type":"page","link":"https:\/\/kymco.dgx.ma\/en\/marque-kymco\/","title":{"rendered":"Marque Kymco"},"content":{"rendered":"<div data-elementor-type=\"wp-page\" data-elementor-id=\"7303\" class=\"elementor elementor-7303\">\n\t\t\t\t<div class=\"elementor-element elementor-element-10e6e98 e-flex e-con-boxed wpr-particle-no wpr-jarallax-no wpr-parallax-no wpr-sticky-section-no e-con e-parent\" data-id=\"10e6e98\" data-element_type=\"container\">\n\t\t\t\t\t<div class=\"e-con-inner\">\n\t\t<div class=\"elementor-element elementor-element-359c27f e-con-full e-flex wpr-particle-no wpr-jarallax-no wpr-parallax-no wpr-sticky-section-no e-con e-child\" data-id=\"359c27f\" data-element_type=\"container\">\n\t\t\t\t<div class=\"elementor-element elementor-element-b937037 elementor-widget elementor-widget-spacer\" data-id=\"b937037\" data-element_type=\"widget\" data-widget_type=\"spacer.default\">\n\t\t\t\t<div class=\"elementor-widget-container\">\n\t\t\t\t\t\t\t<div class=\"elementor-spacer\">\n\t\t\t<div class=\"elementor-spacer-inner\"><\/div>\n\t\t<\/div>\n\t\t\t\t\t\t<\/div>\n\t\t\t\t<\/div>\n\t\t\t\t<div class=\"elementor-element elementor-element-5afda0d elementor-widget elementor-widget-heading\" data-id=\"5afda0d\" data-element_type=\"widget\" data-widget_type=\"heading.default\">\n\t\t\t\t<div class=\"elementor-widget-container\">\n\t\t\t\t\t<h2 class=\"elementor-heading-title elementor-size-default\">Marque KYMCO<\/h2>\t\t\t\t<\/div>\n\t\t\t\t<\/div>\n\t\t\t\t<div class=\"elementor-element elementor-element-c148205 elementor-widget elementor-widget-text-editor\" data-id=\"c148205\" data-element_type=\"widget\" data-widget_type=\"text-editor.default\">\n\t\t\t\t<div class=\"elementor-widget-container\">\n\t\t\t\t\t\t\t\t\t<p>Fond\u00e9e \u00e0 Ta\u00efwan en 1963, <strong data-start=\"2463\" data-end=\"2472\">KYMCO<\/strong> (Kwang Yang Motor Co) est un des plus grands constructeurs de scooters et quads au monde. La marque est connue pour ses v\u00e9hicules fiables, modernes et accessibles, parfaits pour les trajets urbains ou les longues distances.<\/p><p><strong data-start=\"2698\" data-end=\"2714\">Culture Moto<\/strong> est importateur officiel de KYMCO au Maroc, proposant une gamme compl\u00e8te de scooters et pi\u00e8ces de rechange.<\/p>\t\t\t\t\t\t\t\t<\/div>\n\t\t\t\t<\/div>\n\t\t\t\t<div class=\"elementor-element elementor-element-872f498 elementor-mobile-align-center elementor-widget elementor-widget-button\" data-id=\"872f498\" data-element_type=\"widget\" data-widget_type=\"button.default\">\n\t\t\t\t<div class=\"elementor-widget-container\">\n\t\t\t\t\t\t\t\t\t<div class=\"elementor-button-wrapper\">\n\t\t\t\t\t<a class=\"elementor-button elementor-button-link elementor-size-sm\" href=\"https:\/\/kymco.dgx.ma\/product-category\/kymco\/\">\n\t\t\t\t\t\t<span class=\"elementor-button-content-wrapper\">\n\t\t\t\t\t\t\t\t\t<span class=\"elementor-button-text\">Tous Nos Produits <\/span>\n\t\t\t\t\t<\/span>\n\t\t\t\t\t<\/a>\n\t\t\t\t<\/div>\n\t\t\t\t\t\t\t\t<\/div>\n\t\t\t\t<\/div>\n\t\t\t\t<div class=\"elementor-element elementor-element-a852ad7 elementor-widget elementor-widget-spacer\" data-id=\"a852ad7\" data-element_type=\"widget\" data-widget_type=\"spacer.default\">\n\t\t\t\t<div class=\"elementor-widget-container\">\n\t\t\t\t\t\t\t<div class=\"elementor-spacer\">\n\t\t\t<div class=\"elementor-spacer-inner\"><\/div>\n\t\t<\/div>\n\t\t\t\t\t\t<\/div>\n\t\t\t\t<\/div>\n\t\t\t\t<\/div>\n\t\t<div class=\"elementor-element elementor-element-7f3ee29 e-con-full e-flex wpr-particle-no wpr-jarallax-no wpr-parallax-no wpr-sticky-section-no e-con e-child\" data-id=\"7f3ee29\" data-element_type=\"container\">\n\t\t\t\t<div class=\"elementor-element elementor-element-937bcf2 elementor-widget elementor-widget-image\" data-id=\"937bcf2\" data-element_type=\"widget\" data-widget_type=\"image.default\">\n\t\t\t\t<div class=\"elementor-widget-container\">\n\t\t\t\t\t\t\t\t\t\t\t\t\t\t\t<img fetchpriority=\"high\" decoding=\"async\" width=\"500\" height=\"500\" src=\"https:\/\/kymco.dgx.ma\/wp-content\/uploads\/2025\/07\/Design-sans-titre-16.png\" class=\"attachment-large size-large wp-image-7273\" alt=\"\" srcset=\"https:\/\/kymco.dgx.ma\/wp-content\/uploads\/2025\/07\/Design-sans-titre-16.png 500w, https:\/\/kymco.dgx.ma\/wp-content\/uploads\/2025\/07\/Design-sans-titre-16-300x300.png 300w, https:\/\/kymco.dgx.ma\/wp-content\/uploads\/2025\/07\/Design-sans-titre-16-150x150.png 150w, https:\/\/kymco.dgx.ma\/wp-content\/uploads\/2025\/07\/Design-sans-titre-16-12x12.png 12w, https:\/\/kymco.dgx.ma\/wp-content\/uploads\/2025\/07\/Design-sans-titre-16-100x100.png 100w\" sizes=\"(max-width: 500px) 100vw, 500px\" \/>\t\t\t\t\t\t\t\t\t\t\t\t\t\t\t<\/div>\n\t\t\t\t<\/div>\n\t\t\t\t<\/div>\n\t\t\t\t\t<\/div>\n\t\t\t\t<\/div>\n\t\t<div class=\"elementor-element elementor-element-c124d36 e-flex e-con-boxed wpr-particle-no wpr-jarallax-no wpr-parallax-no wpr-sticky-section-no e-con e-parent\" data-id=\"c124d36\" data-element_type=\"container\">\n\t\t\t\t\t<div class=\"e-con-inner\">\n\t\t\t\t<div class=\"elementor-element elementor-element-1e4a32b elementor-widget elementor-widget-heading\" data-id=\"1e4a32b\" data-element_type=\"widget\" data-widget_type=\"heading.default\">\n\t\t\t\t<div class=\"elementor-widget-container\">\n\t\t\t\t\t<h2 class=\"elementor-heading-title elementor-size-default\">Cat\u00e9gories propos\u00e9es :<\/h2>\t\t\t\t<\/div>\n\t\t\t\t<\/div>\n\t\t\t\t\t<\/div>\n\t\t\t\t<\/div>\n\t\t<div class=\"elementor-element elementor-element-01bcc5e e-flex e-con-boxed wpr-particle-no wpr-jarallax-no wpr-parallax-no wpr-sticky-section-no e-con e-parent\" data-id=\"01bcc5e\" data-element_type=\"container\">\n\t\t\t\t\t<div class=\"e-con-inner\">\n\t\t<div class=\"elementor-element elementor-element-890450b e-con-full e-flex wpr-particle-no wpr-jarallax-no wpr-parallax-no wpr-sticky-section-no e-con e-child\" data-id=\"890450b\" data-element_type=\"container\">\n\t\t\t\t<div class=\"elementor-element elementor-element-44e8b3b elementor-widget elementor-widget-image\" data-id=\"44e8b3b\" data-element_type=\"widget\" data-widget_type=\"image.default\">\n\t\t\t\t<div class=\"elementor-widget-container\">\n\t\t\t\t\t\t\t\t\t\t\t\t\t\t\t<img decoding=\"async\" width=\"570\" height=\"600\" src=\"https:\/\/kymco.dgx.ma\/wp-content\/uploads\/2025\/07\/Design-sans-titre-23.png\" class=\"attachment-large size-large wp-image-7334\" alt=\"\" srcset=\"https:\/\/kymco.dgx.ma\/wp-content\/uploads\/2025\/07\/Design-sans-titre-23.png 570w, https:\/\/kymco.dgx.ma\/wp-content\/uploads\/2025\/07\/Design-sans-titre-23-285x300.png 285w, https:\/\/kymco.dgx.ma\/wp-content\/uploads\/2025\/07\/Design-sans-titre-23-11x12.png 11w\" sizes=\"(max-width: 570px) 100vw, 570px\" \/>\t\t\t\t\t\t\t\t\t\t\t\t\t\t\t<\/div>\n\t\t\t\t<\/div>\n\t\t\t\t<div class=\"elementor-element elementor-element-4d5b62a elementor-align-justify elementor-widget elementor-widget-button\" data-id=\"4d5b62a\" data-element_type=\"widget\" data-widget_type=\"button.default\">\n\t\t\t\t<div class=\"elementor-widget-container\">\n\t\t\t\t\t\t\t\t\t<div class=\"elementor-button-wrapper\">\n\t\t\t\t\t<a class=\"elementor-button elementor-button-link elementor-size-sm\" href=\"https:\/\/kymco.dgx.ma\/product-category\/kymco\/scooters-50cc\/\">\n\t\t\t\t\t\t<span class=\"elementor-button-content-wrapper\">\n\t\t\t\t\t\t<span class=\"elementor-button-icon\">\n\t\t\t\t<i aria-hidden=\"true\" class=\"icon icon-arrow-right\"><\/i>\t\t\t<\/span>\n\t\t\t\t\t\t\t\t\t<span class=\"elementor-button-text\">Scooters AGILITY <\/span>\n\t\t\t\t\t<\/span>\n\t\t\t\t\t<\/a>\n\t\t\t\t<\/div>\n\t\t\t\t\t\t\t\t<\/div>\n\t\t\t\t<\/div>\n\t\t\t\t<\/div>\n\t\t<div class=\"elementor-element elementor-element-4182b70 e-con-full e-flex wpr-particle-no wpr-jarallax-no wpr-parallax-no wpr-sticky-section-no e-con e-child\" data-id=\"4182b70\" data-element_type=\"container\">\n\t\t\t\t<div class=\"elementor-element elementor-element-6b4dfec elementor-widget elementor-widget-image\" data-id=\"6b4dfec\" data-element_type=\"widget\" data-widget_type=\"image.default\">\n\t\t\t\t<div class=\"elementor-widget-container\">\n\t\t\t\t\t\t\t\t\t\t\t\t\t\t\t<img decoding=\"async\" width=\"570\" height=\"600\" src=\"https:\/\/kymco.dgx.ma\/wp-content\/uploads\/2025\/07\/Design-sans-titre-24.png\" class=\"attachment-large size-large wp-image-7335\" alt=\"\" srcset=\"https:\/\/kymco.dgx.ma\/wp-content\/uploads\/2025\/07\/Design-sans-titre-24.png 570w, https:\/\/kymco.dgx.ma\/wp-content\/uploads\/2025\/07\/Design-sans-titre-24-285x300.png 285w, https:\/\/kymco.dgx.ma\/wp-content\/uploads\/2025\/07\/Design-sans-titre-24-11x12.png 11w\" sizes=\"(max-width: 570px) 100vw, 570px\" \/>\t\t\t\t\t\t\t\t\t\t\t\t\t\t\t<\/div>\n\t\t\t\t<\/div>\n\t\t\t\t<div class=\"elementor-element elementor-element-b355752 elementor-align-justify elementor-widget elementor-widget-button\" data-id=\"b355752\" data-element_type=\"widget\" data-widget_type=\"button.default\">\n\t\t\t\t<div class=\"elementor-widget-container\">\n\t\t\t\t\t\t\t\t\t<div class=\"elementor-button-wrapper\">\n\t\t\t\t\t<a class=\"elementor-button elementor-button-link elementor-size-sm\" href=\"https:\/\/kymco.dgx.ma\/product-category\/kymco\/%e2%89%a5125cc-people-s-x-town-ak550\/\">\n\t\t\t\t\t\t<span class=\"elementor-button-content-wrapper\">\n\t\t\t\t\t\t<span class=\"elementor-button-icon\">\n\t\t\t\t<i aria-hidden=\"true\" class=\"icon icon-arrow-right\"><\/i>\t\t\t<\/span>\n\t\t\t\t\t\t\t\t\t<span class=\"elementor-button-text\">Maxi-scooters <\/span>\n\t\t\t\t\t<\/span>\n\t\t\t\t\t<\/a>\n\t\t\t\t<\/div>\n\t\t\t\t\t\t\t\t<\/div>\n\t\t\t\t<\/div>\n\t\t\t\t<\/div>\n\t\t<div class=\"elementor-element elementor-element-6e0a6f5 e-con-full e-flex wpr-particle-no wpr-jarallax-no wpr-parallax-no wpr-sticky-section-no e-con e-child\" data-id=\"6e0a6f5\" data-element_type=\"container\">\n\t\t\t\t<div class=\"elementor-element elementor-element-f72963b elementor-widget elementor-widget-image\" data-id=\"f72963b\" data-element_type=\"widget\" data-widget_type=\"image.default\">\n\t\t\t\t<div class=\"elementor-widget-container\">\n\t\t\t\t\t\t\t\t\t\t\t\t\t\t\t<img loading=\"lazy\" decoding=\"async\" width=\"570\" height=\"600\" src=\"https:\/\/kymco.dgx.ma\/wp-content\/uploads\/2025\/07\/Design-sans-titre-25.png\" class=\"attachment-large size-large wp-image-7336\" alt=\"\" srcset=\"https:\/\/kymco.dgx.ma\/wp-content\/uploads\/2025\/07\/Design-sans-titre-25.png 570w, https:\/\/kymco.dgx.ma\/wp-content\/uploads\/2025\/07\/Design-sans-titre-25-285x300.png 285w, https:\/\/kymco.dgx.ma\/wp-content\/uploads\/2025\/07\/Design-sans-titre-25-11x12.png 11w\" sizes=\"(max-width: 570px) 100vw, 570px\" \/>\t\t\t\t\t\t\t\t\t\t\t\t\t\t\t<\/div>\n\t\t\t\t<\/div>\n\t\t\t\t<div class=\"elementor-element elementor-element-9463468 elementor-align-justify elementor-widget elementor-widget-button\" data-id=\"9463468\" data-element_type=\"widget\" data-widget_type=\"button.default\">\n\t\t\t\t<div class=\"elementor-widget-container\">\n\t\t\t\t\t\t\t\t\t<div class=\"elementor-button-wrapper\">\n\t\t\t\t\t<a class=\"elementor-button elementor-button-link elementor-size-sm\" href=\"https:\/\/kymco.dgx.ma\/product-category\/kymco\/quads\/\">\n\t\t\t\t\t\t<span class=\"elementor-button-content-wrapper\">\n\t\t\t\t\t\t<span class=\"elementor-button-icon\">\n\t\t\t\t<i aria-hidden=\"true\" class=\"icon icon-arrow-right\"><\/i>\t\t\t<\/span>\n\t\t\t\t\t\t\t\t\t<span class=\"elementor-button-text\">Quads<\/span>\n\t\t\t\t\t<\/span>\n\t\t\t\t\t<\/a>\n\t\t\t\t<\/div>\n\t\t\t\t\t\t\t\t<\/div>\n\t\t\t\t<\/div>\n\t\t\t\t<\/div>\n\t\t\t\t\t<\/div>\n\t\t\t\t<\/div>\n\t\t\t\t<\/div>","protected":false},"excerpt":{"rendered":"<p>Marque KYMCO Fond\u00e9e \u00e0 Ta\u00efwan en 1963, KYMCO (Kwang Yang Motor Co) est un des plus grands constructeurs de scooters et quads au monde. La marque est connue pour ses v\u00e9hicules fiables, modernes et accessibles, parfaits pour les trajets urbains ou les longues distances. Culture Moto est importateur officiel de KYMCO au Maroc, proposant une gamme compl\u00e8te de scooters et pi\u00e8ces de rechange. Tous Nos Produits Cat\u00e9gories propos\u00e9es : Scooters AGILITY Maxi-scooters Quads<\/p>","protected":false},"author":1,"featured_media":0,"parent":0,"menu_order":0,"comment_status":"closed","ping_status":"closed","template":"","meta":{"site-sidebar-layout":"no-sidebar","site-content-layout":"","ast-site-content-layout":"full-width-container","site-content-style":"default","site-sidebar-style":"default","ast-global-header-display":"","ast-banner-title-visibility":"","ast-main-header-display":"","ast-hfb-above-header-display":"","ast-hfb-below-header-display":"","ast-hfb-mobile-header-display":"","site-post-title":"disabled","ast-breadcrumbs-content":"","ast-featured-img":"disabled","footer-sml-layout":"","theme-transparent-header-meta":"","adv-header-id-meta":"","stick-header-meta":"","header-above-stick-meta":"","header-main-stick-meta":"","header-below-stick-meta":"","astra-migrate-meta-layouts":"default","ast-page-background-enabled":"default","ast-page-background-meta":{"desktop":{"background-color":"var(--ast-global-color-5)","background-image":"","background-repeat":"repeat","background-position":"center center","background-size":"auto","background-attachment":"scroll","background-type":"","background-media":"","overlay-type":"","overlay-color":"","overlay-opacity":"","overlay-gradient":""},"tablet":{"background-color":"","background-image":"","background-repeat":"repeat","background-position":"center center","background-size":"auto","background-attachment":"scroll","background-type":"","background-media":"","overlay-type":"","overlay-color":"","overlay-opacity":"","overlay-gradient":""},"mobile":{"background-color":"","background-image":"","background-repeat":"repeat","background-position":"center center","background-size":"auto","background-attachment":"scroll","background-type":"","background-media":"","overlay-type":"","overlay-color":"","overlay-opacity":"","overlay-gradient":""}},"ast-content-background-meta":{"desktop":{"background-color":"var(--ast-global-color-4)","background-image":"","background-repeat":"repeat","background-position":"center center","background-size":"auto","background-attachment":"scroll","background-type":"","background-media":"","overlay-type":"","overlay-color":"","overlay-opacity":"","overlay-gradient":""},"tablet":{"background-color":"var(--ast-global-color-4)","background-image":"","background-repeat":"repeat","background-position":"center center","background-size":"auto","background-attachment":"scroll","background-type":"","background-media":"","overlay-type":"","overlay-color":"","overlay-opacity":"","overlay-gradient":""},"mobile":{"background-color":"var(--ast-global-color-4)","background-image":"","background-repeat":"repeat","background-position":"center center","background-size":"auto","background-attachment":"scroll","background-type":"","background-media":"","overlay-type":"","overlay-color":"","overlay-opacity":"","overlay-gradient":""}},"footnotes":""},"class_list":["post-7303","page","type-page","status-publish","hentry"],"_links":{"self":[{"href":"https:\/\/kymco.dgx.ma\/en\/wp-json\/wp\/v2\/pages\/7303","targetHints":{"allow":["GET"]}}],"collection":[{"href":"https:\/\/kymco.dgx.ma\/en\/wp-json\/wp\/v2\/pages"}],"about":[{"href":"https:\/\/kymco.dgx.ma\/en\/wp-json\/wp\/v2\/types\/page"}],"author":[{"embeddable":true,"href":"https:\/\/kymco.dgx.ma\/en\/wp-json\/wp\/v2\/users\/1"}],"replies":[{"embeddable":true,"href":"https:\/\/kymco.dgx.ma\/en\/wp-json\/wp\/v2\/comments?post=7303"}],"version-history":[{"count":22,"href":"https:\/\/kymco.dgx.ma\/en\/wp-json\/wp\/v2\/pages\/7303\/revisions"}],"predecessor-version":[{"id":8497,"href":"https:\/\/kymco.dgx.ma\/en\/wp-json\/wp\/v2\/pages\/7303\/revisions\/8497"}],"wp:attachment":[{"href":"https:\/\/kymco.dgx.ma\/en\/wp-json\/wp\/v2\/media?parent=7303"}],"curies":[{"name":"wp","href":"https:\/\/api.w.org\/{rel}","templated":true}]}}