{"id":7344,"date":"2025-07-25T18:50:58","date_gmt":"2025-07-25T17:50:58","guid":{"rendered":"https:\/\/kymco.dgx.ma\/?page_id=7344"},"modified":"2025-08-08T14:10:39","modified_gmt":"2025-08-08T13:10:39","slug":"marque-yadea","status":"publish","type":"page","link":"https:\/\/kymco.dgx.ma\/en\/marque-yadea\/","title":{"rendered":"Marque YADEA"},"content":{"rendered":"<div data-elementor-type=\"wp-page\" data-elementor-id=\"7344\" class=\"elementor elementor-7344\">\n\t\t\t\t<div class=\"elementor-element elementor-element-10e6e98 e-flex e-con-boxed wpr-particle-no wpr-jarallax-no wpr-parallax-no wpr-sticky-section-no e-con e-parent\" data-id=\"10e6e98\" data-element_type=\"container\">\n\t\t\t\t\t<div class=\"e-con-inner\">\n\t\t<div class=\"elementor-element elementor-element-359c27f e-con-full e-flex wpr-particle-no wpr-jarallax-no wpr-parallax-no wpr-sticky-section-no e-con e-child\" data-id=\"359c27f\" data-element_type=\"container\">\n\t\t\t\t<div class=\"elementor-element elementor-element-b937037 elementor-widget elementor-widget-spacer\" data-id=\"b937037\" data-element_type=\"widget\" data-widget_type=\"spacer.default\">\n\t\t\t\t<div class=\"elementor-widget-container\">\n\t\t\t\t\t\t\t<div class=\"elementor-spacer\">\n\t\t\t<div class=\"elementor-spacer-inner\"><\/div>\n\t\t<\/div>\n\t\t\t\t\t\t<\/div>\n\t\t\t\t<\/div>\n\t\t\t\t<div class=\"elementor-element elementor-element-5afda0d elementor-widget elementor-widget-heading\" data-id=\"5afda0d\" data-element_type=\"widget\" data-widget_type=\"heading.default\">\n\t\t\t\t<div class=\"elementor-widget-container\">\n\t\t\t\t\t<h2 class=\"elementor-heading-title elementor-size-default\">Marque YADEA<\/h2>\t\t\t\t<\/div>\n\t\t\t\t<\/div>\n\t\t\t\t<div class=\"elementor-element elementor-element-c148205 elementor-widget elementor-widget-text-editor\" data-id=\"c148205\" data-element_type=\"widget\" data-widget_type=\"text-editor.default\">\n\t\t\t\t<div class=\"elementor-widget-container\">\n\t\t\t\t\t\t\t\t\t<p><strong data-start=\"3125\" data-end=\"3134\">YADEA<\/strong>, cr\u00e9\u00e9e en 2001, est une marque chinoise num\u00e9ro 1 dans les deux-roues \u00e9lectriques. Pr\u00e9sente dans plus de 100 pays, elle est reconnue pour ses scooters design, puissants, silencieux et \u00e9cologiques. Avec une forte orientation technologique, YADEA s\u2019impose comme un acteur cl\u00e9 de la mobilit\u00e9 durable.<\/p><p><strong data-start=\"3433\" data-end=\"3449\">Culture Moto<\/strong> est l&rsquo;importateur exclusif de YADEA au Maroc, pour une nouvelle g\u00e9n\u00e9ration de conduite urbaine \u00e9coresponsable.<\/p>\t\t\t\t\t\t\t\t<\/div>\n\t\t\t\t<\/div>\n\t\t\t\t<div class=\"elementor-element elementor-element-872f498 elementor-mobile-align-center elementor-widget elementor-widget-button\" data-id=\"872f498\" data-element_type=\"widget\" data-widget_type=\"button.default\">\n\t\t\t\t<div class=\"elementor-widget-container\">\n\t\t\t\t\t\t\t\t\t<div class=\"elementor-button-wrapper\">\n\t\t\t\t\t<a class=\"elementor-button elementor-button-link elementor-size-sm\" href=\"https:\/\/kymco.dgx.ma\/product-category\/yadea\/\">\n\t\t\t\t\t\t<span class=\"elementor-button-content-wrapper\">\n\t\t\t\t\t\t\t\t\t<span class=\"elementor-button-text\">Tous Nos Produits <\/span>\n\t\t\t\t\t<\/span>\n\t\t\t\t\t<\/a>\n\t\t\t\t<\/div>\n\t\t\t\t\t\t\t\t<\/div>\n\t\t\t\t<\/div>\n\t\t\t\t<div class=\"elementor-element elementor-element-a852ad7 elementor-widget elementor-widget-spacer\" data-id=\"a852ad7\" data-element_type=\"widget\" data-widget_type=\"spacer.default\">\n\t\t\t\t<div class=\"elementor-widget-container\">\n\t\t\t\t\t\t\t<div class=\"elementor-spacer\">\n\t\t\t<div class=\"elementor-spacer-inner\"><\/div>\n\t\t<\/div>\n\t\t\t\t\t\t<\/div>\n\t\t\t\t<\/div>\n\t\t\t\t<\/div>\n\t\t<div class=\"elementor-element elementor-element-7f3ee29 e-con-full e-flex wpr-particle-no wpr-jarallax-no wpr-parallax-no wpr-sticky-section-no e-con e-child\" data-id=\"7f3ee29\" data-element_type=\"container\">\n\t\t\t\t<div class=\"elementor-element elementor-element-56ff8b2 elementor-widget elementor-widget-spacer\" data-id=\"56ff8b2\" data-element_type=\"widget\" data-widget_type=\"spacer.default\">\n\t\t\t\t<div class=\"elementor-widget-container\">\n\t\t\t\t\t\t\t<div class=\"elementor-spacer\">\n\t\t\t<div class=\"elementor-spacer-inner\"><\/div>\n\t\t<\/div>\n\t\t\t\t\t\t<\/div>\n\t\t\t\t<\/div>\n\t\t\t\t<div class=\"elementor-element elementor-element-937bcf2 elementor-widget elementor-widget-image\" data-id=\"937bcf2\" data-element_type=\"widget\" data-widget_type=\"image.default\">\n\t\t\t\t<div class=\"elementor-widget-container\">\n\t\t\t\t\t\t\t\t\t\t\t\t\t\t\t<img fetchpriority=\"high\" decoding=\"async\" width=\"936\" height=\"696\" src=\"https:\/\/kymco.dgx.ma\/wp-content\/uploads\/2025\/07\/yadea-maroc.jpg\" class=\"attachment-large size-large wp-image-7358\" alt=\"\" srcset=\"https:\/\/kymco.dgx.ma\/wp-content\/uploads\/2025\/07\/yadea-maroc.jpg 936w, https:\/\/kymco.dgx.ma\/wp-content\/uploads\/2025\/07\/yadea-maroc-300x223.jpg 300w, https:\/\/kymco.dgx.ma\/wp-content\/uploads\/2025\/07\/yadea-maroc-768x571.jpg 768w, https:\/\/kymco.dgx.ma\/wp-content\/uploads\/2025\/07\/yadea-maroc-16x12.jpg 16w, https:\/\/kymco.dgx.ma\/wp-content\/uploads\/2025\/07\/yadea-maroc-600x446.jpg 600w\" sizes=\"(max-width: 936px) 100vw, 936px\" \/>\t\t\t\t\t\t\t\t\t\t\t\t\t\t\t<\/div>\n\t\t\t\t<\/div>\n\t\t\t\t<\/div>\n\t\t\t\t\t<\/div>\n\t\t\t\t<\/div>\n\t\t<div class=\"elementor-element elementor-element-c124d36 e-flex e-con-boxed wpr-particle-no wpr-jarallax-no wpr-parallax-no wpr-sticky-section-no e-con e-parent\" data-id=\"c124d36\" data-element_type=\"container\">\n\t\t\t\t\t<div class=\"e-con-inner\">\n\t\t\t\t<div class=\"elementor-element elementor-element-1e4a32b elementor-widget elementor-widget-heading\" data-id=\"1e4a32b\" data-element_type=\"widget\" data-widget_type=\"heading.default\">\n\t\t\t\t<div class=\"elementor-widget-container\">\n\t\t\t\t\t<h2 class=\"elementor-heading-title elementor-size-default\">Produits Disponibles :<\/h2>\t\t\t\t<\/div>\n\t\t\t\t<\/div>\n\t\t\t\t\t<\/div>\n\t\t\t\t<\/div>\n\t\t<div class=\"elementor-element elementor-element-01bcc5e e-flex e-con-boxed wpr-particle-no wpr-jarallax-no wpr-parallax-no wpr-sticky-section-no e-con e-parent\" data-id=\"01bcc5e\" data-element_type=\"container\">\n\t\t\t\t\t<div class=\"e-con-inner\">\n\t\t<div class=\"elementor-element elementor-element-890450b e-con-full e-flex wpr-particle-no wpr-jarallax-no wpr-parallax-no wpr-sticky-section-no e-con e-child\" data-id=\"890450b\" data-element_type=\"container\">\n\t\t\t\t<div class=\"elementor-element elementor-element-44e8b3b elementor-widget elementor-widget-image\" data-id=\"44e8b3b\" data-element_type=\"widget\" data-widget_type=\"image.default\">\n\t\t\t\t<div class=\"elementor-widget-container\">\n\t\t\t\t\t\t\t\t\t\t\t\t\t\t\t<img decoding=\"async\" width=\"570\" height=\"600\" src=\"https:\/\/kymco.dgx.ma\/wp-content\/uploads\/2025\/07\/Design-sans-titre-26.png\" class=\"attachment-large size-large wp-image-7375\" alt=\"\" srcset=\"https:\/\/kymco.dgx.ma\/wp-content\/uploads\/2025\/07\/Design-sans-titre-26.png 570w, https:\/\/kymco.dgx.ma\/wp-content\/uploads\/2025\/07\/Design-sans-titre-26-285x300.png 285w, https:\/\/kymco.dgx.ma\/wp-content\/uploads\/2025\/07\/Design-sans-titre-26-11x12.png 11w\" sizes=\"(max-width: 570px) 100vw, 570px\" \/>\t\t\t\t\t\t\t\t\t\t\t\t\t\t\t<\/div>\n\t\t\t\t<\/div>\n\t\t\t\t<div class=\"elementor-element elementor-element-4d5b62a elementor-align-justify elementor-widget elementor-widget-button\" data-id=\"4d5b62a\" data-element_type=\"widget\" data-widget_type=\"button.default\">\n\t\t\t\t<div class=\"elementor-widget-container\">\n\t\t\t\t\t\t\t\t\t<div class=\"elementor-button-wrapper\">\n\t\t\t\t\t<a class=\"elementor-button elementor-button-link elementor-size-sm\" href=\"https:\/\/kymco.dgx.ma\/product-category\/yadea\/electrique\/\">\n\t\t\t\t\t\t<span class=\"elementor-button-content-wrapper\">\n\t\t\t\t\t\t<span class=\"elementor-button-icon\">\n\t\t\t\t<i aria-hidden=\"true\" class=\"icon icon-arrow-right\"><\/i>\t\t\t<\/span>\n\t\t\t\t\t\t\t\t\t<span class=\"elementor-button-text\">Scooter \u00e9lectrique<\/span>\n\t\t\t\t\t<\/span>\n\t\t\t\t\t<\/a>\n\t\t\t\t<\/div>\n\t\t\t\t\t\t\t\t<\/div>\n\t\t\t\t<\/div>\n\t\t\t\t<\/div>\n\t\t<div class=\"elementor-element elementor-element-4182b70 e-con-full e-flex wpr-particle-no wpr-jarallax-no wpr-parallax-no wpr-sticky-section-no e-con e-child\" data-id=\"4182b70\" data-element_type=\"container\">\n\t\t\t\t<div class=\"elementor-element elementor-element-29c7225 elementor-widget elementor-widget-image\" data-id=\"29c7225\" data-element_type=\"widget\" data-widget_type=\"image.default\">\n\t\t\t\t<div class=\"elementor-widget-container\">\n\t\t\t\t\t\t\t\t\t\t\t\t\t\t\t<img decoding=\"async\" width=\"570\" height=\"600\" src=\"https:\/\/kymco.dgx.ma\/wp-content\/uploads\/2025\/07\/Design-sans-titre-27.png\" class=\"attachment-large size-large wp-image-7377\" alt=\"\" srcset=\"https:\/\/kymco.dgx.ma\/wp-content\/uploads\/2025\/07\/Design-sans-titre-27.png 570w, https:\/\/kymco.dgx.ma\/wp-content\/uploads\/2025\/07\/Design-sans-titre-27-285x300.png 285w, https:\/\/kymco.dgx.ma\/wp-content\/uploads\/2025\/07\/Design-sans-titre-27-11x12.png 11w\" sizes=\"(max-width: 570px) 100vw, 570px\" \/>\t\t\t\t\t\t\t\t\t\t\t\t\t\t\t<\/div>\n\t\t\t\t<\/div>\n\t\t\t\t<div class=\"elementor-element elementor-element-b355752 elementor-align-justify elementor-widget elementor-widget-button\" data-id=\"b355752\" data-element_type=\"widget\" data-widget_type=\"button.default\">\n\t\t\t\t<div class=\"elementor-widget-container\">\n\t\t\t\t\t\t\t\t\t<div class=\"elementor-button-wrapper\">\n\t\t\t\t\t<a class=\"elementor-button elementor-button-link elementor-size-sm\" href=\"https:\/\/kymco.dgx.ma\/product-category\/yadea\/accessoires-pieces\/\">\n\t\t\t\t\t\t<span class=\"elementor-button-content-wrapper\">\n\t\t\t\t\t\t<span class=\"elementor-button-icon\">\n\t\t\t\t<i aria-hidden=\"true\" class=\"icon icon-arrow-right\"><\/i>\t\t\t<\/span>\n\t\t\t\t\t\t\t\t\t<span class=\"elementor-button-text\">Accessoires &amp; Pi\u00e8ces<\/span>\n\t\t\t\t\t<\/span>\n\t\t\t\t\t<\/a>\n\t\t\t\t<\/div>\n\t\t\t\t\t\t\t\t<\/div>\n\t\t\t\t<\/div>\n\t\t\t\t<\/div>\n\t\t<div class=\"elementor-element elementor-element-6e0a6f5 e-con-full e-flex wpr-particle-no wpr-jarallax-no wpr-parallax-no wpr-sticky-section-no e-con e-child\" data-id=\"6e0a6f5\" data-element_type=\"container\">\n\t\t\t\t<div class=\"elementor-element elementor-element-f72963b elementor-widget elementor-widget-image\" data-id=\"f72963b\" data-element_type=\"widget\" data-widget_type=\"image.default\">\n\t\t\t\t<div class=\"elementor-widget-container\">\n\t\t\t\t\t\t\t\t\t\t\t\t\t\t\t<img loading=\"lazy\" decoding=\"async\" width=\"570\" height=\"600\" src=\"https:\/\/kymco.dgx.ma\/wp-content\/uploads\/2025\/07\/Design-sans-titre-28.png\" class=\"attachment-large size-large wp-image-7378\" alt=\"\" srcset=\"https:\/\/kymco.dgx.ma\/wp-content\/uploads\/2025\/07\/Design-sans-titre-28.png 570w, https:\/\/kymco.dgx.ma\/wp-content\/uploads\/2025\/07\/Design-sans-titre-28-285x300.png 285w, https:\/\/kymco.dgx.ma\/wp-content\/uploads\/2025\/07\/Design-sans-titre-28-11x12.png 11w\" sizes=\"(max-width: 570px) 100vw, 570px\" \/>\t\t\t\t\t\t\t\t\t\t\t\t\t\t\t<\/div>\n\t\t\t\t<\/div>\n\t\t\t\t<div class=\"elementor-element elementor-element-9463468 elementor-align-justify elementor-widget elementor-widget-button\" data-id=\"9463468\" data-element_type=\"widget\" data-widget_type=\"button.default\">\n\t\t\t\t<div class=\"elementor-widget-container\">\n\t\t\t\t\t\t\t\t\t<div class=\"elementor-button-wrapper\">\n\t\t\t\t\t<a class=\"elementor-button elementor-button-link elementor-size-sm\" href=\"#\">\n\t\t\t\t\t\t<span class=\"elementor-button-content-wrapper\">\n\t\t\t\t\t\t<span class=\"elementor-button-icon\">\n\t\t\t\t<i aria-hidden=\"true\" class=\"icon icon-arrow-right\"><\/i>\t\t\t<\/span>\n\t\t\t\t\t\t\t\t\t<span class=\"elementor-button-text\"> Batteries, chargeurs<\/span>\n\t\t\t\t\t<\/span>\n\t\t\t\t\t<\/a>\n\t\t\t\t<\/div>\n\t\t\t\t\t\t\t\t<\/div>\n\t\t\t\t<\/div>\n\t\t\t\t<\/div>\n\t\t\t\t\t<\/div>\n\t\t\t\t<\/div>\n\t\t\t\t<\/div>","protected":false},"excerpt":{"rendered":"<p>Marque YADEA YADEA, cr\u00e9\u00e9e en 2001, est une marque chinoise num\u00e9ro 1 dans les deux-roues \u00e9lectriques. Pr\u00e9sente dans plus de 100 pays, elle est reconnue pour ses scooters design, puissants, silencieux et \u00e9cologiques. Avec une forte orientation technologique, YADEA s\u2019impose comme un acteur cl\u00e9 de la mobilit\u00e9 durable. Culture Moto est l&rsquo;importateur exclusif de YADEA au Maroc, pour une nouvelle g\u00e9n\u00e9ration de conduite urbaine \u00e9coresponsable. Tous Nos Produits Produits Disponibles : Scooter \u00e9lectrique Accessoires &amp; Pi\u00e8ces Batteries, chargeurs<\/p>","protected":false},"author":1,"featured_media":0,"parent":0,"menu_order":0,"comment_status":"closed","ping_status":"closed","template":"","meta":{"site-sidebar-layout":"no-sidebar","site-content-layout":"","ast-site-content-layout":"full-width-container","site-content-style":"default","site-sidebar-style":"default","ast-global-header-display":"","ast-banner-title-visibility":"","ast-main-header-display":"","ast-hfb-above-header-display":"","ast-hfb-below-header-display":"","ast-hfb-mobile-header-display":"","site-post-title":"disabled","ast-breadcrumbs-content":"","ast-featured-img":"disabled","footer-sml-layout":"","theme-transparent-header-meta":"","adv-header-id-meta":"","stick-header-meta":"","header-above-stick-meta":"","header-main-stick-meta":"","header-below-stick-meta":"","astra-migrate-meta-layouts":"default","ast-page-background-enabled":"default","ast-page-background-meta":{"desktop":{"background-color":"var(--ast-global-color-5)","background-image":"","background-repeat":"repeat","background-position":"center center","background-size":"auto","background-attachment":"scroll","background-type":"","background-media":"","overlay-type":"","overlay-color":"","overlay-opacity":"","overlay-gradient":""},"tablet":{"background-color":"","background-image":"","background-repeat":"repeat","background-position":"center center","background-size":"auto","background-attachment":"scroll","background-type":"","background-media":"","overlay-type":"","overlay-color":"","overlay-opacity":"","overlay-gradient":""},"mobile":{"background-color":"","background-image":"","background-repeat":"repeat","background-position":"center center","background-size":"auto","background-attachment":"scroll","background-type":"","background-media":"","overlay-type":"","overlay-color":"","overlay-opacity":"","overlay-gradient":""}},"ast-content-background-meta":{"desktop":{"background-color":"var(--ast-global-color-4)","background-image":"","background-repeat":"repeat","background-position":"center center","background-size":"auto","background-attachment":"scroll","background-type":"","background-media":"","overlay-type":"","overlay-color":"","overlay-opacity":"","overlay-gradient":""},"tablet":{"background-color":"var(--ast-global-color-4)","background-image":"","background-repeat":"repeat","background-position":"center center","background-size":"auto","background-attachment":"scroll","background-type":"","background-media":"","overlay-type":"","overlay-color":"","overlay-opacity":"","overlay-gradient":""},"mobile":{"background-color":"var(--ast-global-color-4)","background-image":"","background-repeat":"repeat","background-position":"center center","background-size":"auto","background-attachment":"scroll","background-type":"","background-media":"","overlay-type":"","overlay-color":"","overlay-opacity":"","overlay-gradient":""}},"footnotes":""},"class_list":["post-7344","page","type-page","status-publish","hentry"],"_links":{"self":[{"href":"https:\/\/kymco.dgx.ma\/en\/wp-json\/wp\/v2\/pages\/7344","targetHints":{"allow":["GET"]}}],"collection":[{"href":"https:\/\/kymco.dgx.ma\/en\/wp-json\/wp\/v2\/pages"}],"about":[{"href":"https:\/\/kymco.dgx.ma\/en\/wp-json\/wp\/v2\/types\/page"}],"author":[{"embeddable":true,"href":"https:\/\/kymco.dgx.ma\/en\/wp-json\/wp\/v2\/users\/1"}],"replies":[{"embeddable":true,"href":"https:\/\/kymco.dgx.ma\/en\/wp-json\/wp\/v2\/comments?post=7344"}],"version-history":[{"count":23,"href":"https:\/\/kymco.dgx.ma\/en\/wp-json\/wp\/v2\/pages\/7344\/revisions"}],"predecessor-version":[{"id":9026,"href":"https:\/\/kymco.dgx.ma\/en\/wp-json\/wp\/v2\/pages\/7344\/revisions\/9026"}],"wp:attachment":[{"href":"https:\/\/kymco.dgx.ma\/en\/wp-json\/wp\/v2\/media?parent=7344"}],"curies":[{"name":"wp","href":"https:\/\/api.w.org\/{rel}","templated":true}]}}