{"id":3147,"date":"2025-07-02T17:30:14","date_gmt":"2025-07-02T17:30:14","guid":{"rendered":"https:\/\/kymco.dgx.ma\/?post_type=product&#038;p=3147"},"modified":"2025-10-31T13:58:57","modified_gmt":"2025-10-31T12:58:57","slug":"husqvarna-norden-901-22-23","status":"publish","type":"product","link":"https:\/\/kymco.dgx.ma\/en\/product\/husqvarna-norden-901-22-23\/","title":{"rendered":"Husqvarna > norden 901 (22 > 23)  \/ ktm > 790 adventure r (19 > 20) support lat\u00e9ral pour valise, sp\u00e9cifique pl one-fit, configur\u00e9 pour les valises monokey\u00ae cam-side trekker outback (copie)"},"content":{"rendered":"<p>\/ KTM &gt; 790 ADVENTURE R (19 &gt; 20) Support lat\u00e9ral pour valise, sp\u00e9cifique PL ONE-FIT, configur\u00e9 pour les valises MONOKEY\u00ae CAM-SIDE Trekker Outback<\/p>","protected":false},"excerpt":{"rendered":"<p>\/ KTM &gt; 790 ADVENTURE R (19 &gt; 20) Support lat\u00e9ral pour valise, sp\u00e9cifique PL ONE-FIT, configur\u00e9 pour les valises MONOKEY\u00ae CAM-SIDE Trekker Outback<\/p>","protected":false},"featured_media":0,"comment_status":"open","ping_status":"closed","template":"","meta":{"site-sidebar-layout":"default","site-content-layout":"","ast-site-content-layout":"default","site-content-style":"default","site-sidebar-style":"default","ast-global-header-display":"","ast-banner-title-visibility":"","ast-main-header-display":"","ast-hfb-above-header-display":"","ast-hfb-below-header-display":"","ast-hfb-mobile-header-display":"","site-post-title":"","ast-breadcrumbs-content":"","ast-featured-img":"","footer-sml-layout":"","theme-transparent-header-meta":"default","adv-header-id-meta":"","stick-header-meta":"","header-above-stick-meta":"","header-main-stick-meta":"","header-below-stick-meta":"","astra-migrate-meta-layouts":"set","ast-page-background-enabled":"default","ast-page-background-meta":{"desktop":{"background-color":"var(--ast-global-color-5)","background-image":"","background-repeat":"repeat","background-position":"center center","background-size":"auto","background-attachment":"scroll","background-type":"","background-media":"","overlay-type":"","overlay-color":"","overlay-opacity":"","overlay-gradient":""},"tablet":{"background-color":"","background-image":"","background-repeat":"repeat","background-position":"center center","background-size":"auto","background-attachment":"scroll","background-type":"","background-media":"","overlay-type":"","overlay-color":"","overlay-opacity":"","overlay-gradient":""},"mobile":{"background-color":"","background-image":"","background-repeat":"repeat","background-position":"center center","background-size":"auto","background-attachment":"scroll","background-type":"","background-media":"","overlay-type":"","overlay-color":"","overlay-opacity":"","overlay-gradient":""}},"ast-content-background-meta":{"desktop":{"background-color":"var(--ast-global-color-4)","background-image":"","background-repeat":"repeat","background-position":"center center","background-size":"auto","background-attachment":"scroll","background-type":"","background-media":"","overlay-type":"","overlay-color":"","overlay-opacity":"","overlay-gradient":""},"tablet":{"background-color":"var(--ast-global-color-4)","background-image":"","background-repeat":"repeat","background-position":"center center","background-size":"auto","background-attachment":"scroll","background-type":"","background-media":"","overlay-type":"","overlay-color":"","overlay-opacity":"","overlay-gradient":""},"mobile":{"background-color":"var(--ast-global-color-4)","background-image":"","background-repeat":"repeat","background-position":"center center","background-size":"auto","background-attachment":"scroll","background-type":"","background-media":"","overlay-type":"","overlay-color":"","overlay-opacity":"","overlay-gradient":""}}},"product_brand":[],"product_cat":[22,62],"product_tag":[],"class_list":{"0":"post-3147","1":"product","2":"type-product","3":"status-publish","5":"product_cat-givi","6":"product_cat-accessoires-touring","7":"desktop-align-left","8":"tablet-align-left","9":"mobile-align-left","11":"first","12":"instock","13":"shipping-taxable","14":"purchasable","15":"product-type-simple"},"_links":{"self":[{"href":"https:\/\/kymco.dgx.ma\/en\/wp-json\/wp\/v2\/product\/3147","targetHints":{"allow":["GET"]}}],"collection":[{"href":"https:\/\/kymco.dgx.ma\/en\/wp-json\/wp\/v2\/product"}],"about":[{"href":"https:\/\/kymco.dgx.ma\/en\/wp-json\/wp\/v2\/types\/product"}],"replies":[{"embeddable":true,"href":"https:\/\/kymco.dgx.ma\/en\/wp-json\/wp\/v2\/comments?post=3147"}],"wp:attachment":[{"href":"https:\/\/kymco.dgx.ma\/en\/wp-json\/wp\/v2\/media?parent=3147"}],"wp:term":[{"taxonomy":"product_brand","embeddable":true,"href":"https:\/\/kymco.dgx.ma\/en\/wp-json\/wp\/v2\/product_brand?post=3147"},{"taxonomy":"product_cat","embeddable":true,"href":"https:\/\/kymco.dgx.ma\/en\/wp-json\/wp\/v2\/product_cat?post=3147"},{"taxonomy":"product_tag","embeddable":true,"href":"https:\/\/kymco.dgx.ma\/en\/wp-json\/wp\/v2\/product_tag?post=3147"}],"curies":[{"name":"wp","href":"https:\/\/api.w.org\/{rel}","templated":true}]}}