{"id":3856,"date":"2025-07-07T17:34:26","date_gmt":"2025-07-07T16:34:26","guid":{"rendered":"https:\/\/kymco.dgx.ma\/product\/support-lateral-pour-valise-specifique-pl-one-fit-avec-degagement-pour-lechappement-configure-pour-les-valises-monokey-cam-side-trekker-outback-18-mm-diametre-le-cote-droit-est-comp\/"},"modified":"2025-10-31T12:12:34","modified_gmt":"2025-10-31T11:12:34","slug":"support-lateral-pour-valise-specifique-pl-one-fit-avec-degagement-pour-lechappement-configure-pour-les-valises-monokey-cam-side-trekker-outback-18-mm-diametre-le-cote-droit-est-comp","status":"publish","type":"product","link":"https:\/\/kymco.dgx.ma\/en\/product\/support-lateral-pour-valise-specifique-pl-one-fit-avec-degagement-pour-lechappement-configure-pour-les-valises-monokey-cam-side-trekker-outback-18-mm-diametre-le-cote-droit-est-comp\/","title":{"rendered":"Support lat\u00e9ral pour valise, sp\u00e9cifique pl one-fit avec d\u00e9gagement pour l\u2019\u00e9chappement, configur\u00e9 pour les valises monokey\u00ae cam-side trekker outback 18 mm diam\u00e8tre \/ le c\u00f4t\u00e9 droit est compatible seulement avec la valise obkevS33, obkevS40"},"content":{"rendered":"","protected":false},"excerpt":{"rendered":"","protected":false},"featured_media":0,"comment_status":"open","ping_status":"closed","template":"","meta":{"site-sidebar-layout":"default","site-content-layout":"","ast-site-content-layout":"","site-content-style":"default","site-sidebar-style":"default","ast-global-header-display":"","ast-banner-title-visibility":"","ast-main-header-display":"","ast-hfb-above-header-display":"","ast-hfb-below-header-display":"","ast-hfb-mobile-header-display":"","site-post-title":"","ast-breadcrumbs-content":"","ast-featured-img":"","footer-sml-layout":"","theme-transparent-header-meta":"","adv-header-id-meta":"","stick-header-meta":"","header-above-stick-meta":"","header-main-stick-meta":"","header-below-stick-meta":"","astra-migrate-meta-layouts":"default","ast-page-background-enabled":"default","ast-page-background-meta":{"desktop":{"background-color":"var(--ast-global-color-5)","background-image":"","background-repeat":"repeat","background-position":"center center","background-size":"auto","background-attachment":"scroll","background-type":"","background-media":"","overlay-type":"","overlay-color":"","overlay-opacity":"","overlay-gradient":""},"tablet":{"background-color":"","background-image":"","background-repeat":"repeat","background-position":"center center","background-size":"auto","background-attachment":"scroll","background-type":"","background-media":"","overlay-type":"","overlay-color":"","overlay-opacity":"","overlay-gradient":""},"mobile":{"background-color":"","background-image":"","background-repeat":"repeat","background-position":"center center","background-size":"auto","background-attachment":"scroll","background-type":"","background-media":"","overlay-type":"","overlay-color":"","overlay-opacity":"","overlay-gradient":""}},"ast-content-background-meta":{"desktop":{"background-color":"var(--ast-global-color-4)","background-image":"","background-repeat":"repeat","background-position":"center center","background-size":"auto","background-attachment":"scroll","background-type":"","background-media":"","overlay-type":"","overlay-color":"","overlay-opacity":"","overlay-gradient":""},"tablet":{"background-color":"var(--ast-global-color-4)","background-image":"","background-repeat":"repeat","background-position":"center center","background-size":"auto","background-attachment":"scroll","background-type":"","background-media":"","overlay-type":"","overlay-color":"","overlay-opacity":"","overlay-gradient":""},"mobile":{"background-color":"var(--ast-global-color-4)","background-image":"","background-repeat":"repeat","background-position":"center center","background-size":"auto","background-attachment":"scroll","background-type":"","background-media":"","overlay-type":"","overlay-color":"","overlay-opacity":"","overlay-gradient":""}}},"product_brand":[],"product_cat":[22,62],"product_tag":[],"class_list":{"0":"post-3856","1":"product","2":"type-product","3":"status-publish","5":"product_cat-givi","6":"product_cat-accessoires-touring","7":"desktop-align-left","8":"tablet-align-left","9":"mobile-align-left","11":"first","12":"instock","13":"shipping-taxable","14":"purchasable","15":"product-type-simple"},"_links":{"self":[{"href":"https:\/\/kymco.dgx.ma\/en\/wp-json\/wp\/v2\/product\/3856","targetHints":{"allow":["GET"]}}],"collection":[{"href":"https:\/\/kymco.dgx.ma\/en\/wp-json\/wp\/v2\/product"}],"about":[{"href":"https:\/\/kymco.dgx.ma\/en\/wp-json\/wp\/v2\/types\/product"}],"replies":[{"embeddable":true,"href":"https:\/\/kymco.dgx.ma\/en\/wp-json\/wp\/v2\/comments?post=3856"}],"wp:attachment":[{"href":"https:\/\/kymco.dgx.ma\/en\/wp-json\/wp\/v2\/media?parent=3856"}],"wp:term":[{"taxonomy":"product_brand","embeddable":true,"href":"https:\/\/kymco.dgx.ma\/en\/wp-json\/wp\/v2\/product_brand?post=3856"},{"taxonomy":"product_cat","embeddable":true,"href":"https:\/\/kymco.dgx.ma\/en\/wp-json\/wp\/v2\/product_cat?post=3856"},{"taxonomy":"product_tag","embeddable":true,"href":"https:\/\/kymco.dgx.ma\/en\/wp-json\/wp\/v2\/product_tag?post=3856"}],"curies":[{"name":"wp","href":"https:\/\/api.w.org\/{rel}","templated":true}]}}